{"id":27224,"date":"2019-11-14T23:52:48","date_gmt":"2019-11-14T22:52:48","guid":{"rendered":"http:\/\/snurfer-boards.com\/innsbrooklyn\/"},"modified":"2022-04-25T19:15:23","modified_gmt":"2022-04-25T17:15:23","slug":"innsbrooklyn","status":"publish","type":"page","link":"https:\/\/delayon-eyewear.com\/en\/innsbrooklyn\/","title":{"rendered":"Innsbrooklyn"},"content":{"rendered":"<div class=\"wpb-content-wrapper\"><p>[vc_row][vc_column]\n\t\t<div id=\"wd-5dd3da618ad3e\" class=\"title-wrapper wd-wpb wd-set-mb reset-last-child  wd-rs-5dd3da618ad3e wd-title-color-default wd-title-style-simple text-left  wd-underline-colored\">\n\t\t\t\n\t\t\t<div class=\"liner-continer\">\n\t\t\t\t<h4 class=\"woodmart-title-container title  wd-font-weight- wd-fontsize-xxl\" >``Innsbruck - Hauptstadt der Alpen``<\/h4>\n\t\t\t\t\t\t\t<\/div>\n\t\t\t\n\t\t\t\n\t\t\t\n\t\t<\/div>\n\t\t\n\t\t[vc_row_inner][vc_column_inner css=&#8221;.vc_custom_1500283497886{padding-top: 0px !important;}&#8221; offset=&#8221;vc_col-lg-6 vc_col-md-6&#8243;][vc_column_text woodmart_color_scheme=&#8221;dark&#8221; text_larger=&#8221;no&#8221;]Dieser Werbe-Slogan ist ausnahmsweise mal war: In der gr\u00f6\u00dften Stadt der Alpen sind die Berge ein st\u00e4ndiger Begleiter. Im Norden reicht der Bezirk Innsbruck tief ins Karwendel, Im S\u00fcden grenzen die Tuxer Alpen und das Tiroler Mittelgebirge direkt an die Stadt. Kein Wunder, dass Innsbruck eine der wohl aktivsten St\u00e4dte Europas ist. Hier laufen selbst die Oma\u00b4s mit 80 noch zu Fuss in die Stadt zum Einkaufen runter \u2013 bei jedem Wetter! Doch nicht nur in den alten Knochen ist der besondere Flair zu sp\u00fcren. Es sind vor allem die 30.000 Studenten, welche das Lebensgef\u00fchl dieses einzigartigen Ortes pr\u00e4gen.[\/vc_column_text][\/vc_column_inner][vc_column_inner offset=&#8221;vc_col-lg-6 vc_col-md-6&#8243;][vc_column_text woodmart_color_scheme=&#8221;dark&#8221; text_larger=&#8221;no&#8221;]Besonders im Winter werden Uni und Arbeit auf das n\u00f6tigste reduziert, um auch ja keinen Powder-Tag in einem der vielen Schigebiete zu verpassen. In Ski-Gewand in die Uni, dann direkt auf den Berg und danach in eine der viele Bars. In Innsbruck verschmelzen Stadt und Bergleben genau so, wie Traditionen und Kulturen. Innsbruck ist l\u00e4ssig und extrem, traditionell &amp; international. F\u00fcr uns ist es die Vielfalt und der Mix aus Altem und Neuen, den Innsbruck einfach einzigartig macht.<br \/>\nKurz: unser INNSBROOKLYN[\/vc_column_text][\/vc_column_inner][\/vc_row_inner][\/vc_column][\/vc_row][vc_section full_height=&#8221;yes&#8221; content_placement=&#8221;middle&#8221; woodmart_bg_position=&#8221;center-center&#8221; woodmart_gradient_switch=&#8221;no&#8221; css=&#8221;.vc_custom_1602003949292{margin-top: 0px !important;margin-bottom: 8vh !important;padding-bottom: 20vh !important;background-image: url(http:\/\/delayon-eyewear.com\/wp-content\/uploads\/2019\/11\/Nordkette__05-12-18__Christian_Riefenberg-33.jpg?id=26791) !important;background-position: center !important;background-repeat: no-repeat !important;background-size: cover !important;}&#8221; mobile_bg_img_hidden=&#8221;no&#8221; tablet_bg_img_hidden=&#8221;no&#8221; woodmart_parallax=&#8221;0&#8243; woodmart_disable_overflow=&#8221;0&#8243;][vc_row css=&#8221;.vc_custom_1500277816326{margin-right: 15px !important;margin-left: 15px !important;}&#8221;][vc_column width=&#8221;1\/2&#8243; css=&#8221;.vc_custom_1574521946091{margin-top: 70px !important;padding-top: 40px !important;padding-right: 40px !important;padding-bottom: 10px !important;padding-left: 40px !important;}&#8221; mobile_bg_img_hidden=&#8221;no&#8221; tablet_bg_img_hidden=&#8221;no&#8221; woodmart_parallax=&#8221;0&#8243; woodmart_sticky_column=&#8221;false&#8221; parallax_scroll=&#8221;no&#8221; mobile_reset_margin=&#8221;no&#8221; tablet_reset_margin=&#8221;no&#8221; offset=&#8221;vc_hidden-xs&#8221;][vc_column_text text_larger=&#8221;no&#8221; css=&#8221;.vc_custom_1583323474200{margin-top: 100px !important;margin-bottom: 100px !important;padding-top: -10px !important;padding-bottom: -10px !important;}&#8221;]<\/p>\n<blockquote><p>&nbsp;<\/p>\n<p>Ich kann tags\u00fcber ein wahnsinns Abendteuer in den Bergen erleben und Abends ein normales soziales Leben f\u00fchren. Das gibt es so nirgendwo!<\/p><\/blockquote>\n<p>Nicolas Metz, Gr\u00fcnder DELAYON[\/vc_column_text][\/vc_column][vc_column width=&#8221;1\/2&#8243; css=&#8221;.vc_custom_1574521990599{padding-top: 0px !important;}&#8221; offset=&#8221;vc_hidden-lg vc_hidden-md vc_hidden-sm&#8221; mobile_bg_img_hidden=&#8221;no&#8221; tablet_bg_img_hidden=&#8221;no&#8221; woodmart_parallax=&#8221;0&#8243; woodmart_sticky_column=&#8221;false&#8221; parallax_scroll=&#8221;no&#8221; mobile_reset_margin=&#8221;no&#8221; tablet_reset_margin=&#8221;no&#8221;][vc_empty_space height=&#8221;30px&#8221; woodmart_hide_large=&#8221;0&#8243; woodmart_hide_medium=&#8221;0&#8243; woodmart_hide_small=&#8221;0&#8243; woodmart_hide_extra_small=&#8221;0&#8243;][\/vc_column][\/vc_row][\/vc_section][vc_row][vc_column width=&#8221;2\/3&#8243;][vc_row_inner][vc_column_inner]\n\t\t<div id=\"wd-5dd40a738dbee\" class=\"title-wrapper wd-wpb wd-set-mb reset-last-child  wd-rs-5dd40a738dbee wd-title-color-default wd-title-style-simple text-left  wd-underline-colored\">\n\t\t\t\n\t\t\t<div class=\"liner-continer\">\n\t\t\t\t<h4 class=\"woodmart-title-container title  wd-font-weight- wd-fontsize-xxl\" >Das Konzept<\/h4>\n\t\t\t\t\t\t\t<\/div>\n\t\t\t\n\t\t\t\n\t\t\t\n\t\t<\/div>\n\t\t\n\t\t[vc_column_text woodmart_color_scheme=&#8221;dark&#8221; text_larger=&#8221;no&#8221;]<img data-recalc-dims=\"1\" decoding=\"async\" class=\"wp-image-26807 size-medium\" src=\"https:\/\/i0.wp.com\/delayon-eyewear.com\/wp-content\/uploads\/2019\/11\/Innsbrooklyn_big-1-300x96.png?resize=300%2C96\" alt=\"DELAYON Eyewear Innsbrookyln\" width=\"300\" height=\"96\" srcset=\"https:\/\/i0.wp.com\/delayon-eyewear.com\/wp-content\/uploads\/2019\/11\/Innsbrooklyn_big-1.png?resize=300%2C96&amp;ssl=1 300w, https:\/\/i0.wp.com\/delayon-eyewear.com\/wp-content\/uploads\/2019\/11\/Innsbrooklyn_big-1.png?resize=600%2C191&amp;ssl=1 600w, https:\/\/i0.wp.com\/delayon-eyewear.com\/wp-content\/uploads\/2019\/11\/Innsbrooklyn_big-1.png?resize=150%2C48&amp;ssl=1 150w, https:\/\/i0.wp.com\/delayon-eyewear.com\/wp-content\/uploads\/2019\/11\/Innsbrooklyn_big-1.png?resize=1200%2C382&amp;ssl=1 1200w, https:\/\/i0.wp.com\/delayon-eyewear.com\/wp-content\/uploads\/2019\/11\/Innsbrooklyn_big-1.png?resize=768%2C245&amp;ssl=1 768w, https:\/\/i0.wp.com\/delayon-eyewear.com\/wp-content\/uploads\/2019\/11\/Innsbrooklyn_big-1.png?resize=1024%2C326&amp;ssl=1 1024w, https:\/\/i0.wp.com\/delayon-eyewear.com\/wp-content\/uploads\/2019\/11\/Innsbrooklyn_big-1.png?w=2000&amp;ssl=1 2000w, https:\/\/i0.wp.com\/delayon-eyewear.com\/wp-content\/uploads\/2019\/11\/Innsbrooklyn_big-1.png?w=3000&amp;ssl=1 3000w\" sizes=\"(max-width: 300px) 100vw, 300px\" \/><\/p>\n<p>Unsere Innsbrooklyn Kollektion spiegelt den Geist der Stadt wieder: Jung, verspielt und international, den Bezug zwischen der Stadt und der traditionsreichen Umgebung stets im Fokus. In Zusammenarbeit mit Innsbruck Tourismus haben wir das bestehende Innsbruck Logo entsprechend diesem Charakter angepasst.\u00a0Innsbruck ist trotz seiner geringen gro\u00dfe sehr international. Daher haben wir f\u00fcr die graphische Gestaltung mit lokalen K\u00fcnstlern zusammengearbeitet, die jedoch nicht in Innsbruck aufgewachsen sind. Uns kam es vor allem auf die Wahrnehmung der Stadt von Innen und Aussen an. Mit Quirin M\u00fcller &amp; Paul Gilmore haben wir nicht nur zwei sehr talentierte K\u00fcnstler gefunden, sondern konnten dieses Projekt auch mit zwei lang-zeit Freunden von DELAYON realisieren.<\/p>\n<p>Als dynamische, junge Stadt ver\u00e4ndert sich Innsbruck stets weiter. Neue Gesichter kommen, Bekannte gehen. Auch die Innsbrooklyn Kollektion wird sich zuk\u00fcnftig weiterentwickeln und wir freuen uns stets mit neuen K\u00fcnstlern zusammen arbeiten zu d\u00fcrfen.[\/vc_column_text][\/vc_column_inner][\/vc_row_inner][\/vc_column][vc_column width=&#8221;1\/3&#8243;]\t\t\t<div id=\"\" class=\"wd-products-element wd-wpb wd-hide\">\n\t\t\t\n\t\t\n\t\t\t\t\t<\/div>\n\t\t\t[\/vc_column][\/vc_row][vc_row mobile_bg_img_hidden=&#8221;no&#8221; tablet_bg_img_hidden=&#8221;no&#8221; woodmart_parallax=&#8221;0&#8243; woodmart_gradient_switch=&#8221;no&#8221; row_reverse_mobile=&#8221;0&#8243; row_reverse_tablet=&#8221;0&#8243; woodmart_disable_overflow=&#8221;0&#8243;][vc_column]\n\t\t<div id=\"wd-5dd414b7b0092\" class=\"title-wrapper wd-wpb wd-set-mb reset-last-child  wd-rs-5dd414b7b0092 wd-title-color-default wd-title-style-simple text-left  wd-underline-colored\">\n\t\t\t\n\t\t\t<div class=\"liner-continer\">\n\t\t\t\t<h4 class=\"woodmart-title-container title  wd-font-weight- wd-fontsize-xxl\" >Die K\u00fcnstler<\/h4>\n\t\t\t\t\t\t\t<\/div>\n\t\t\t\n\t\t\t\n\t\t\t\n\t\t<\/div>\n\t\t\n\t\t[\/vc_column][\/vc_row][vc_row][vc_column width=&#8221;1\/2&#8243;][vc_single_image image=&#8221;26835&#8243; img_size=&#8221;large&#8221; alignment=&#8221;center&#8221; css=&#8221;.vc_custom_1574180758178{margin-bottom: 0px !important;}&#8221; parallax_scroll=&#8221;no&#8221;][\/vc_column][vc_column width=&#8221;1\/2&#8243; css=&#8221;.vc_custom_1574522382216{background-color: #ffffff !important;}&#8221; mobile_bg_img_hidden=&#8221;no&#8221; tablet_bg_img_hidden=&#8221;no&#8221; woodmart_parallax=&#8221;0&#8243; woodmart_sticky_column=&#8221;false&#8221; parallax_scroll=&#8221;no&#8221; mobile_reset_margin=&#8221;no&#8221; tablet_reset_margin=&#8221;no&#8221;]\n\t\t<div id=\"wd-5dd415071db70\" class=\"title-wrapper wd-wpb wd-set-mb reset-last-child  wd-rs-5dd415071db70 wd-title-color-default wd-title-style-default text-left vc_custom_1574180109634 wd-width-enabled wd-underline-colored\" style=\"--wd-max-width: 70%;\">\n\t\t\t\n\t\t\t<div class=\"liner-continer\">\n\t\t\t\t<h4 class=\"woodmart-title-container title  wd-font-weight-400 wd-fontsize-l\" >Quirin M\u00fcller<\/h4>\n\t\t\t\t\t\t\t<\/div>\n\t\t\t\n\t\t\t\n\t\t\t\n\t\t<\/div>\n\t\t\n\t\t\t\t\t<div id=\"wd-5f7ca52e2f575\" class=\"wd-text-block-wrapper wd-wpb wd-rs-5f7ca52e2f575 color-scheme- text-left wd-width-enabled vc_custom_1602004288494\" style=\"--wd-max-width: 90%;\">\n\t\t\t\t<div class=\"woodmart-title-container woodmart-text-block reset-last-child font-primary wd-font-weight- \">\n\t\t\t\t\tEgal ob in seinem Marketing Job, der Musik oder dem Graphik Design &#8211; der geb\u00fcrtige Obersdorfer ist stets mit Leib, Seele und vor allem immer mit einem L\u00e4cheln im Gesicht bei der Sache. Als DJ sorgt er bei diversen Innsbrucker Parties f\u00fcr den richtigen Sound. Seitdem wir Quirin auf einer super-kalten Gondel-fahrt vom Hafelekar kennen lernen durften, ist er einer unserer gr\u00f6\u00dften Unterst\u00fctzer. Mit der Innsbrooklyn Edition bekommt er nun endlich den Platz bei DELAYON den er verdient.\t\t\t\t<\/div>\n\n\t\t\t\t\t\t\t<\/div>\n\t\t<div id=\"wd-5de95ffb9e43f\" class=\" wd-rs-5de95ffb9e43f  wd-button-wrapper text-left\"><a href=\"https:\/\/delayon-eyewear.com\/en\/team\/quirin_mueller\/\" title=\"Team: Quirin M\u00fcller\" class=\"btn btn-style-link btn-shape-rectangle btn-size-default\">ERFAHRE MEHR<\/a><\/div>[\/vc_column][\/vc_row][vc_section full_width=&#8221;stretch_row&#8221; woodmart_bg_position=&#8221;center-center&#8221; css=&#8221;.vc_custom_1574184617298{padding-top: 6vh !important;background-position: 0 0 !important;background-repeat: repeat !important;}&#8221; el_class=&#8221;mobile-bg-img-hidden&#8221; mobile_bg_img_hidden=&#8221;no&#8221; tablet_bg_img_hidden=&#8221;no&#8221; woodmart_parallax=&#8221;0&#8243; woodmart_gradient_switch=&#8221;no&#8221; woodmart_disable_overflow=&#8221;0&#8243;][vc_row full_width=&#8221;stretch_row&#8221; content_placement=&#8221;middle&#8221; woodmart_bg_position=&#8221;center-top&#8221; row_reverse_mobile=&#8221;1&#8243; woodmart_disable_overflow=&#8221;1&#8243; css=&#8221;.vc_custom_1574184630018{margin-bottom: 4vh !important;background-position: 0 0 !important;background-repeat: no-repeat !important;}&#8221; mobile_bg_img_hidden=&#8221;no&#8221; tablet_bg_img_hidden=&#8221;no&#8221; woodmart_parallax=&#8221;0&#8243; woodmart_gradient_switch=&#8221;no&#8221; row_reverse_tablet=&#8221;0&#8243;][vc_column width=&#8221;1\/2&#8243; css=&#8221;.vc_custom_1574522412872{background-color: #ffffff !important;}&#8221; el_class=&#8221;z-index-10 reset-margin&#8221; offset=&#8221;vc_col-md-6&#8243; mobile_bg_img_hidden=&#8221;no&#8221; tablet_bg_img_hidden=&#8221;no&#8221; woodmart_parallax=&#8221;0&#8243; woodmart_sticky_column=&#8221;false&#8221; parallax_scroll=&#8221;no&#8221; mobile_reset_margin=&#8221;no&#8221; tablet_reset_margin=&#8221;no&#8221;]\n\t\t<div id=\"wd-5dd4208a2ec6d\" class=\"title-wrapper wd-wpb wd-set-mb reset-last-child  wd-rs-5dd4208a2ec6d wd-title-color-default wd-title-style-default text-left vc_custom_1574183057225 wd-width-enabled wd-underline-colored\" style=\"--wd-max-width: 70%;\">\n\t\t\t\n\t\t\t<div class=\"liner-continer\">\n\t\t\t\t<h4 class=\"woodmart-title-container title  wd-font-weight-400 wd-fontsize-l\" >Paul Gilmore<\/h4>\n\t\t\t\t\t\t\t<\/div>\n\t\t\t\n\t\t\t\n\t\t\t\n\t\t<\/div>\n\t\t\n\t\t[vc_column_text text_larger=&#8221;no&#8221;]Wenn Paul etwas j\u00fcnger w\u00e4re und weniger Haare im Gesicht h\u00e4tte, k\u00f6nnte man ihn Glatt als Wunderkind bezeichnen. Der frisch gebackene Papa ist n\u00e4mlich ein wahres Multi Talent: Musik, Web-Design, Fotografie und Vlogs. Und als w\u00e4re dies nicht genug, ist er auch noch Blogger und zeigt Innsbruck im Netz von seiner sch\u00f6nsten Seite. Auch der Wintersport hat den geb\u00fcrtigen Griechen erfasst &#8211; selbst auf den hohen Bergen ist er mit seinem Rodel unterwegs. Da wir Paul schon seit Jahren kennen, mussten er und seine Fotografie einfach Teil der ersten Innsbrookyln Edition sein.[\/vc_column_text]<div id=\"wd-5de95fc29e343\" class=\" wd-rs-5de95fc29e343  wd-button-wrapper text-left\"><a href=\"https:\/\/delayon-eyewear.com\/en\/team\/paul_gilmore\/\" title=\"Team: Paul Gilmore\" class=\"btn btn-style-link btn-shape-rectangle btn-size-default\">ERFAHRE MEHR<\/a><\/div>[\/vc_column][vc_column width=&#8221;1\/2&#8243; css=&#8221;.vc_custom_1535113908608{margin-bottom: 4vh !important;padding-top: 0px !important;}&#8221; offset=&#8221;vc_col-md-6&#8243;][vc_single_image image=&#8221;26841&#8243; img_size=&#8221;full&#8221; alignment=&#8221;center&#8221; css=&#8221;.vc_custom_1574182800298{margin-bottom: 0px !important;}&#8221; parallax_scroll=&#8221;no&#8221;][\/vc_column][\/vc_row][\/vc_section]<\/p>\n<\/div>","protected":false},"excerpt":{"rendered":"<p>[vc_row][vc_column][vc_row_inner][vc_column_inner css=&#8221;.vc_custom_1500283497886{padding-top: 0px !important;}&#8221; offset=&#8221;vc_col-lg-6 vc_col-md-6&#8243;][vc_column_text woodmart_color_scheme=&#8221;dark&#8221; text_larger=&#8221;no&#8221;]Dieser Werbe-Slogan ist ausnahmsweise mal war: In der gr\u00f6\u00dften Stadt der Alpen sind<\/p>\n","protected":false},"author":1,"featured_media":0,"parent":0,"menu_order":0,"comment_status":"closed","ping_status":"closed","template":"","meta":{"_uf_show_specific_survey":0,"_uf_disable_surveys":false,"jetpack_post_was_ever_published":false,"footnotes":""},"class_list":["post-27224","page","type-page","status-publish","hentry"],"yoast_head":"<!-- This site is optimized with the Yoast SEO Premium plugin v27.3 (Yoast SEO v27.3) - https:\/\/yoast.com\/product\/yoast-seo-premium-wordpress\/ -->\n<title>Innsbrooklyn - Delayon Eyewear<\/title>\n<meta name=\"robots\" content=\"index, follow, max-snippet:-1, max-image-preview:large, max-video-preview:-1\" \/>\n<link rel=\"canonical\" href=\"https:\/\/delayon-eyewear.com\/en\/innsbrooklyn\/\" \/>\n<meta property=\"og:locale\" content=\"en_US\" \/>\n<meta property=\"og:type\" content=\"article\" \/>\n<meta property=\"og:title\" content=\"Innsbrooklyn\" \/>\n<meta property=\"og:description\" content=\"[vc_row][vc_column][vc_row_inner][vc_column_inner css=&#8221;.vc_custom_1500283497886{padding-top: 0px !important;}&#8221; offset=&#8221;vc_col-lg-6 vc_col-md-6&#8243;][vc_column_text woodmart_color_scheme=&#8221;dark&#8221; text_larger=&#8221;no&#8221;]Dieser Werbe-Slogan ist ausnahmsweise mal war: In der gr\u00f6\u00dften Stadt der Alpen sind\" \/>\n<meta property=\"og:url\" content=\"https:\/\/delayon-eyewear.com\/en\/innsbrooklyn\/\" \/>\n<meta property=\"og:site_name\" content=\"Delayon Eyewear\" \/>\n<meta property=\"article:publisher\" content=\"https:\/\/www.facebook.com\/delayon\" \/>\n<meta property=\"article:modified_time\" content=\"2022-04-25T17:15:23+00:00\" \/>\n<meta property=\"og:image\" content=\"http:\/\/delayon-eyewear.com\/wp-content\/uploads\/2019\/11\/Innsbrooklyn_big-1-300x96.png\" \/>\n<meta name=\"twitter:card\" content=\"summary_large_image\" \/>\n<meta name=\"twitter:label1\" content=\"Est. reading time\" \/>\n\t<meta name=\"twitter:data1\" content=\"8 minutes\" \/>\n<script type=\"application\/ld+json\" class=\"yoast-schema-graph\">{\"@context\":\"https:\\\/\\\/schema.org\",\"@graph\":[{\"@type\":\"WebPage\",\"@id\":\"https:\\\/\\\/delayon-eyewear.com\\\/en\\\/innsbrooklyn\\\/\",\"url\":\"https:\\\/\\\/delayon-eyewear.com\\\/en\\\/innsbrooklyn\\\/\",\"name\":\"Innsbrooklyn - Delayon Eyewear\",\"isPartOf\":{\"@id\":\"https:\\\/\\\/delayon-eyewear.com\\\/en\\\/#website\"},\"primaryImageOfPage\":{\"@id\":\"https:\\\/\\\/delayon-eyewear.com\\\/en\\\/innsbrooklyn\\\/#primaryimage\"},\"image\":{\"@id\":\"https:\\\/\\\/delayon-eyewear.com\\\/en\\\/innsbrooklyn\\\/#primaryimage\"},\"thumbnailUrl\":\"http:\\\/\\\/delayon-eyewear.com\\\/wp-content\\\/uploads\\\/2019\\\/11\\\/Innsbrooklyn_big-1-300x96.png\",\"datePublished\":\"2019-11-14T22:52:48+00:00\",\"dateModified\":\"2022-04-25T17:15:23+00:00\",\"breadcrumb\":{\"@id\":\"https:\\\/\\\/delayon-eyewear.com\\\/en\\\/innsbrooklyn\\\/#breadcrumb\"},\"inLanguage\":\"en-US\",\"potentialAction\":[{\"@type\":\"ReadAction\",\"target\":[\"https:\\\/\\\/delayon-eyewear.com\\\/en\\\/innsbrooklyn\\\/\"]}]},{\"@type\":\"ImageObject\",\"inLanguage\":\"en-US\",\"@id\":\"https:\\\/\\\/delayon-eyewear.com\\\/en\\\/innsbrooklyn\\\/#primaryimage\",\"url\":\"http:\\\/\\\/delayon-eyewear.com\\\/wp-content\\\/uploads\\\/2019\\\/11\\\/Innsbrooklyn_big-1-300x96.png\",\"contentUrl\":\"http:\\\/\\\/delayon-eyewear.com\\\/wp-content\\\/uploads\\\/2019\\\/11\\\/Innsbrooklyn_big-1-300x96.png\"},{\"@type\":\"BreadcrumbList\",\"@id\":\"https:\\\/\\\/delayon-eyewear.com\\\/en\\\/innsbrooklyn\\\/#breadcrumb\",\"itemListElement\":[{\"@type\":\"ListItem\",\"position\":1,\"name\":\"Home\",\"item\":\"https:\\\/\\\/delayon-eyewear.com\\\/en\\\/\"},{\"@type\":\"ListItem\",\"position\":2,\"name\":\"Innsbrooklyn\"}]},{\"@type\":\"WebSite\",\"@id\":\"https:\\\/\\\/delayon-eyewear.com\\\/en\\\/#website\",\"url\":\"https:\\\/\\\/delayon-eyewear.com\\\/en\\\/\",\"name\":\"Delayon Eyewear\",\"description\":\"Kontrast verst\u00e4rkende Brille die deine Augen sch\u00fctzen und die Natur respektieren\",\"potentialAction\":[{\"@type\":\"SearchAction\",\"target\":{\"@type\":\"EntryPoint\",\"urlTemplate\":\"https:\\\/\\\/delayon-eyewear.com\\\/en\\\/?s={search_term_string}\"},\"query-input\":{\"@type\":\"PropertyValueSpecification\",\"valueRequired\":true,\"valueName\":\"search_term_string\"}}],\"inLanguage\":\"en-US\"}]}<\/script>\n<!-- \/ Yoast SEO Premium plugin. -->","yoast_head_json":{"title":"Innsbrooklyn - Delayon Eyewear","robots":{"index":"index","follow":"follow","max-snippet":"max-snippet:-1","max-image-preview":"max-image-preview:large","max-video-preview":"max-video-preview:-1"},"canonical":"https:\/\/delayon-eyewear.com\/en\/innsbrooklyn\/","og_locale":"en_US","og_type":"article","og_title":"Innsbrooklyn","og_description":"[vc_row][vc_column][vc_row_inner][vc_column_inner css=&#8221;.vc_custom_1500283497886{padding-top: 0px !important;}&#8221; offset=&#8221;vc_col-lg-6 vc_col-md-6&#8243;][vc_column_text woodmart_color_scheme=&#8221;dark&#8221; text_larger=&#8221;no&#8221;]Dieser Werbe-Slogan ist ausnahmsweise mal war: In der gr\u00f6\u00dften Stadt der Alpen sind","og_url":"https:\/\/delayon-eyewear.com\/en\/innsbrooklyn\/","og_site_name":"Delayon Eyewear","article_publisher":"https:\/\/www.facebook.com\/delayon","article_modified_time":"2022-04-25T17:15:23+00:00","og_image":[{"url":"http:\/\/delayon-eyewear.com\/wp-content\/uploads\/2019\/11\/Innsbrooklyn_big-1-300x96.png","type":"","width":"","height":""}],"twitter_card":"summary_large_image","twitter_misc":{"Est. reading time":"8 minutes"},"schema":{"@context":"https:\/\/schema.org","@graph":[{"@type":"WebPage","@id":"https:\/\/delayon-eyewear.com\/en\/innsbrooklyn\/","url":"https:\/\/delayon-eyewear.com\/en\/innsbrooklyn\/","name":"Innsbrooklyn - Delayon Eyewear","isPartOf":{"@id":"https:\/\/delayon-eyewear.com\/en\/#website"},"primaryImageOfPage":{"@id":"https:\/\/delayon-eyewear.com\/en\/innsbrooklyn\/#primaryimage"},"image":{"@id":"https:\/\/delayon-eyewear.com\/en\/innsbrooklyn\/#primaryimage"},"thumbnailUrl":"http:\/\/delayon-eyewear.com\/wp-content\/uploads\/2019\/11\/Innsbrooklyn_big-1-300x96.png","datePublished":"2019-11-14T22:52:48+00:00","dateModified":"2022-04-25T17:15:23+00:00","breadcrumb":{"@id":"https:\/\/delayon-eyewear.com\/en\/innsbrooklyn\/#breadcrumb"},"inLanguage":"en-US","potentialAction":[{"@type":"ReadAction","target":["https:\/\/delayon-eyewear.com\/en\/innsbrooklyn\/"]}]},{"@type":"ImageObject","inLanguage":"en-US","@id":"https:\/\/delayon-eyewear.com\/en\/innsbrooklyn\/#primaryimage","url":"http:\/\/delayon-eyewear.com\/wp-content\/uploads\/2019\/11\/Innsbrooklyn_big-1-300x96.png","contentUrl":"http:\/\/delayon-eyewear.com\/wp-content\/uploads\/2019\/11\/Innsbrooklyn_big-1-300x96.png"},{"@type":"BreadcrumbList","@id":"https:\/\/delayon-eyewear.com\/en\/innsbrooklyn\/#breadcrumb","itemListElement":[{"@type":"ListItem","position":1,"name":"Home","item":"https:\/\/delayon-eyewear.com\/en\/"},{"@type":"ListItem","position":2,"name":"Innsbrooklyn"}]},{"@type":"WebSite","@id":"https:\/\/delayon-eyewear.com\/en\/#website","url":"https:\/\/delayon-eyewear.com\/en\/","name":"Delayon Eyewear","description":"Kontrast verst\u00e4rkende Brille die deine Augen sch\u00fctzen und die Natur respektieren","potentialAction":[{"@type":"SearchAction","target":{"@type":"EntryPoint","urlTemplate":"https:\/\/delayon-eyewear.com\/en\/?s={search_term_string}"},"query-input":{"@type":"PropertyValueSpecification","valueRequired":true,"valueName":"search_term_string"}}],"inLanguage":"en-US"}]}},"jetpack_sharing_enabled":true,"jetpack_shortlink":"https:\/\/wp.me\/PaaUMj-756","jetpack_likes_enabled":true,"_links":{"self":[{"href":"https:\/\/delayon-eyewear.com\/en\/wp-json\/wp\/v2\/pages\/27224","targetHints":{"allow":["GET"]}}],"collection":[{"href":"https:\/\/delayon-eyewear.com\/en\/wp-json\/wp\/v2\/pages"}],"about":[{"href":"https:\/\/delayon-eyewear.com\/en\/wp-json\/wp\/v2\/types\/page"}],"author":[{"embeddable":true,"href":"https:\/\/delayon-eyewear.com\/en\/wp-json\/wp\/v2\/users\/1"}],"replies":[{"embeddable":true,"href":"https:\/\/delayon-eyewear.com\/en\/wp-json\/wp\/v2\/comments?post=27224"}],"version-history":[{"count":41,"href":"https:\/\/delayon-eyewear.com\/en\/wp-json\/wp\/v2\/pages\/27224\/revisions"}],"predecessor-version":[{"id":102106,"href":"https:\/\/delayon-eyewear.com\/en\/wp-json\/wp\/v2\/pages\/27224\/revisions\/102106"}],"wp:attachment":[{"href":"https:\/\/delayon-eyewear.com\/en\/wp-json\/wp\/v2\/media?parent=27224"}],"curies":[{"name":"wp","href":"https:\/\/api.w.org\/{rel}","templated":true}]}}