{"id":27387,"date":"2019-11-19T19:52:28","date_gmt":"2019-11-19T18:52:28","guid":{"rendered":"http:\/\/snurfer-boards.com\/team\/christian-riefenberg\/"},"modified":"2019-11-24T21:25:56","modified_gmt":"2019-11-24T20:25:56","slug":"christian-riefenberg","status":"publish","type":"page","link":"https:\/\/delayon-eyewear.com\/en\/team\/christian-riefenberg\/","title":{"rendered":"Christian Riefenberg"},"content":{"rendered":"<div class=\"wpb-content-wrapper\"><p>[vc_section full_width=&#8221;stretch_row&#8221; full_height=&#8221;yes&#8221; content_placement=&#8221;middle&#8221; woodmart_bg_position=&#8221;center-center&#8221; woodmart_gradient_switch=&#8221;yes&#8221; css=&#8221;.vc_custom_1574190432792{margin-top: -40px !important;margin-bottom: 8vh !important;padding-bottom: 20vh !important;background-image: url(http:\/\/delayon-eyewear.com\/wp-content\/uploads\/2019\/11\/190124_vorderebrandjochspitze-preview015.jpeg?id=26865) !important;background-position: center !important;background-repeat: no-repeat !important;background-size: cover !important;}&#8221; woodmart_color_gradient=&#8221;rgba(255, 255, 255, 0.901961)-0\/rgba(255, 255, 255, 0)-41\/|linear-gradient(top , rgba(255, 255, 255, 0.901961) , rgba(255, 255, 255, 0) 41%)|linear|top&#8221; mobile_bg_img_hidden=&#8221;no&#8221; tablet_bg_img_hidden=&#8221;no&#8221; woodmart_parallax=&#8221;0&#8243; woodmart_disable_overflow=&#8221;0&#8243;][vc_row css=&#8221;.vc_custom_1500277816326{margin-right: 15px !important;margin-left: 15px !important;}&#8221;][vc_column width=&#8221;1\/2&#8243; css=&#8221;.vc_custom_1574160973294{margin-top: 70px !important;padding-top: 40px !important;padding-right: 40px !important;padding-bottom: 10px !important;padding-left: 40px !important;background-color: #ffffff !important;}&#8221; mobile_bg_img_hidden=&#8221;no&#8221; tablet_bg_img_hidden=&#8221;no&#8221; woodmart_parallax=&#8221;0&#8243; woodmart_sticky_column=&#8221;false&#8221; parallax_scroll=&#8221;no&#8221; mobile_reset_margin=&#8221;no&#8221; tablet_reset_margin=&#8221;no&#8221;][vc_row_inner][vc_column_inner width=&#8221;1\/2&#8243;][vc_single_image image=&#8221;26853&#8243; img_size=&#8221;350&#215;350&#8243; parallax_scroll=&#8221;no&#8221;][\/vc_column_inner][vc_column_inner width=&#8221;1\/2&#8243;][vc_column_text text_larger=&#8221;no&#8221; css=&#8221;.vc_custom_1574463146982{margin-bottom: -5px !important;}&#8221;]<strong>Date of Birth<\/strong><br \/>\n03.01.1987<\/p>\n<p><strong>From<\/strong><br \/>\nBraunschweig, Germany<\/p>\n<p><strong>Home<\/strong><br \/>\nInnsbruck, Austria<\/p>\n<p><strong>Passions<\/strong><br \/>\nSnowboarding, Surfing, Mountainbike, Skateboarding<\/p>\n<p><strong>Favorite Spot<\/strong><br \/>\nLizum[\/vc_column_text][\/vc_column_inner][\/vc_row_inner][\/vc_column][vc_column width=&#8221;1\/2&#8243; css=&#8221;.vc_custom_1500275538533{padding-top: 0px !important;}&#8221;][\/vc_column][\/vc_row][\/vc_section][vc_row css=&#8221;.vc_custom_1518130382560{margin-top: 30px !important;margin-bottom: 30px !important;}&#8221;][vc_column][vc_row_inner][vc_column_inner css=&#8221;.vc_custom_1500283497886{padding-top: 0px !important;}&#8221; offset=&#8221;vc_col-lg-6 vc_col-md-6&#8243;]\n\t\t<div id=\"wd-5dd43d71b73fa\" class=\"title-wrapper wd-wpb wd-set-mb reset-last-child  wd-rs-5dd43d71b73fa wd-title-color-default wd-title-style-simple text-left  wd-underline-colored\">\n\t\t\t\n\t\t\t<div class=\"liner-continer\">\n\t\t\t\t<h4 class=\"woodmart-title-container title  wd-font-weight- wd-fontsize-xxl\" >About Chris<\/h4>\n\t\t\t\t\t\t\t<\/div>\n\t\t\t\n\t\t\t\n\t\t\t\n\t\t<\/div>\n\t\t\n\t\t[vc_column_text text_larger=&#8221;no&#8221;]Chris ist als einer der besten Outdoor Sport Fotografen Innsbrucks zentraler Teil der DELAYON Familie geworden. Er f\u00e4ngt jene magischen Momente ein, die unserem Sport und dieser Website ihren besonderen Glanz verleihen. Dabei hat er mit Abstand den anstrengendsten Job am Berg. Er hat den schwersten Rucksack und muss dabei mit unserem Team Schritt halten. Dabei hat er stets noch genug Energie in den Beinen, um f\u00fcr die perfekte Perspektive im tiefen Schnee voraus zu spuren. Er weiss genau, dass es in den Bergen weniger auf die technische Fotografie ankommt. Viel wichtiger ist es, sich als Fotograf in die richtige Perspektive zu bringen, um am richtigen Ort zur richtigen Zeit zu sein. Da diese Stellen nicht selten extrem exponiert und gef\u00e4hrlich sind, profitiert Chris vor allem von seiner Jahre langen Erfahrung als Snowboarder.<\/p>\n<blockquote><p>Egal wie schwer und exponiert das Gel\u00e4nde: Chris ist der Fotograf meiner Wahl. Ich vertraue ihm als Fotograf und als Kamerad am Berg.<\/p><\/blockquote>\n<p style=\"text-align: right;\">Nicolas Metz, Gr\u00fcnder DELAYON<\/p>\n<p>Besonderes Augenmerk legt der Wahl-Innsbrucker auf das Zusammenspiel zwischen Natur und Sport. Wolkenformationen, Muster und Formen. All dies sucht Chris in der Natur und versucht es in seinen Bildern so einzufangen, dass der Sportler schon fast in Hintergrund ger\u00e4t. Natur und Sport zugleich in ihrer sch\u00f6nsten Form einzufangen, sind f\u00fcr ihn die wahre Herausforderung der Fotografie.<\/p>\n<p>Weitere Informationen \u00fcber Chris und seine Arbeit findet ihr auf seiner Website und Social Media Kan\u00e4len:[\/vc_column_text]<div id=\"wd-5dd8670eb925d\" class=\" wd-rs-5dd8670eb925d  wd-button-wrapper text-left\"><a href=\"https:\/\/chrisriefenberg.com\" title=\"ChrisRiefenberg.com\" class=\"btn btn-style-link btn-shape-rectangle btn-size-default\">Website<\/a><\/div>[vc_empty_space height=&#8221;10&#8243; woodmart_hide_large=&#8221;0&#8243; woodmart_hide_medium=&#8221;0&#8243; woodmart_hide_small=&#8221;0&#8243; woodmart_hide_extra_small=&#8221;0&#8243;]<div id=\"wd-5dd866bebd493\" class=\" wd-rs-5dd866bebd493  wd-button-wrapper text-left\"><a href=\"https:\/\/www.facebook.com\/ChrisRiefenbergPhotography\/\" title=\"ChrisRiefenbergPhotography on Facebook\" target=\"_blank\" class=\"btn btn-style-link btn-shape-rectangle btn-size-default\">Facebook<\/a><\/div>[\/vc_column_inner][vc_column_inner offset=&#8221;vc_col-lg-6 vc_col-md-6&#8243;][vc_gallery type=&#8221;flexslider_slide&#8221; interval=&#8221;3&#8243; images=&#8221;26859,26863,26856,26792,26789,26603&#8243; img_size=&#8221;1000&#215;800&#8243;][\/vc_column_inner][\/vc_row_inner][\/vc_column][\/vc_row][vc_row][vc_column]\n\t\t<div id=\"wd-5dd43e66d0c30\" class=\"title-wrapper wd-wpb wd-set-mb reset-last-child  wd-rs-5dd43e66d0c30 wd-title-color-default wd-title-style-simple text-left  wd-underline-colored\">\n\t\t\t\t\t\t\t\n\t\t\t\t<div class=\"title-subtitle  subtitle-color-default font-default subtitle-style-background wd-font-weight- wd-fontsize-xs\">@ChrisRiefenberg<\/div>\n\t\t\t\n\t\t\t<div class=\"liner-continer\">\n\t\t\t\t<h4 class=\"woodmart-title-container title  wd-font-weight- wd-fontsize-xxl\" >Instagram<\/h4>\n\t\t\t\t\t\t\t<\/div>\n\t\t\t\n\t\t\t\n\t\t\t\n\t\t<\/div>\n\t\t\n\t\t<div id=\"carousel-320\" data-atts=\"{&quot;carousel_id&quot;:&quot;5000&quot;,&quot;speed&quot;:&quot;5000&quot;,&quot;slides_per_view&quot;:&quot;3&quot;,&quot;slides_per_view_tablet&quot;:&quot;auto&quot;,&quot;slides_per_view_mobile&quot;:&quot;auto&quot;,&quot;wrap&quot;:&quot;&quot;,&quot;loop&quot;:false,&quot;autoplay&quot;:&quot;no&quot;,&quot;autoheight&quot;:&quot;no&quot;,&quot;hide_pagination_control&quot;:&quot;no&quot;,&quot;hide_pagination_control_tablet&quot;:&quot;yes&quot;,&quot;hide_pagination_control_mobile&quot;:&quot;yes&quot;,&quot;dynamic_pagination_control&quot;:&quot;no&quot;,&quot;hide_prev_next_buttons&quot;:&quot;no&quot;,&quot;hide_prev_next_buttons_tablet&quot;:&quot;&quot;,&quot;hide_prev_next_buttons_mobile&quot;:&quot;&quot;,&quot;carousel_arrows_position&quot;:&quot;&quot;,&quot;hide_scrollbar&quot;:&quot;yes&quot;,&quot;hide_scrollbar_tablet&quot;:&quot;yes&quot;,&quot;hide_scrollbar_mobile&quot;:&quot;yes&quot;,&quot;scroll_per_page&quot;:&quot;yes&quot;,&quot;dragEndSpeed&quot;:200,&quot;center_mode&quot;:&quot;no&quot;,&quot;custom_sizes&quot;:&quot;&quot;,&quot;sliding_speed&quot;:false,&quot;animation&quot;:false,&quot;content_animation&quot;:false,&quot;post_type&quot;:&quot;&quot;,&quot;slider&quot;:&quot;&quot;,&quot;library&quot;:&quot;&quot;,&quot;css&quot;:&quot;&quot;,&quot;effect&quot;:&quot;&quot;,&quot;spacing&quot;:&quot;1&quot;,&quot;spacing_tablet&quot;:&quot;&quot;,&quot;spacing_mobile&quot;:&quot;&quot;,&quot;carousel_sync&quot;:&quot;&quot;,&quot;sync_parent_id&quot;:&quot;&quot;,&quot;sync_child_id&quot;:&quot;&quot;,&quot;scroll_carousel_init&quot;:&quot;no&quot;,&quot;disable_overflow_carousel&quot;:&quot;no&quot;,&quot;title&quot;:&quot;&quot;,&quot;username&quot;:&quot;chrisriefenberg&quot;,&quot;number&quot;:&quot;8&quot;,&quot;size&quot;:&quot;large&quot;,&quot;target&quot;:&quot;_blank&quot;,&quot;link&quot;:&quot;&quot;,&quot;design&quot;:&quot;slider&quot;,&quot;spacing_custom&quot;:6,&quot;spacing_custom_tablet&quot;:&quot;&quot;,&quot;spacing_custom_mobile&quot;:&quot;&quot;,&quot;rounded&quot;:&quot;0&quot;,&quot;per_row&quot;:&quot;4&quot;,&quot;per_row_tablet&quot;:&quot;auto&quot;,&quot;per_row_mobile&quot;:&quot;auto&quot;,&quot;hide_mask&quot;:&quot;0&quot;,&quot;meta_position&quot;:&quot;bottom&quot;,&quot;el_class&quot;:&quot;&quot;,&quot;el_id&quot;:&quot;&quot;,&quot;content&quot;:&quot;&quot;,&quot;data_source&quot;:&quot;images&quot;,&quot;woodmart_css_id&quot;:&quot;&quot;,&quot;content_color_scheme&quot;:&quot;&quot;,&quot;is_wpb&quot;:true,&quot;images&quot;:[],&quot;images_size&quot;:&quot;medium&quot;,&quot;images_link&quot;:&quot;&quot;,&quot;images_likes&quot;:&quot;1000-10000&quot;,&quot;images_comments&quot;:&quot;0-1000&quot;}\" data-username=\"chrisriefenberg\" class=\"wd-insta  data-source-images wd-carousel-container wd-carousel-dis-mb wd-off-md wd-off-sm\"><div class=\"wd-notice wd-info\">You need to upload your images manually to the element if you want to load them from your website. Otherwise you will need to connect your real Instagram account via API.<\/div><\/div>[\/vc_column][\/vc_row]<\/p>\n<\/div>","protected":false},"excerpt":{"rendered":"<p>[vc_section full_width=&#8221;stretch_row&#8221; full_height=&#8221;yes&#8221; content_placement=&#8221;middle&#8221; woodmart_bg_position=&#8221;center-center&#8221; woodmart_gradient_switch=&#8221;yes&#8221; css=&#8221;.vc_custom_1574190432792{margin-top: -40px !important;margin-bottom: 8vh !important;padding-bottom: 20vh !important;background-image: url(http:\/\/delayon-eyewear.com\/wp-content\/uploads\/2019\/11\/190124_vorderebrandjochspitze-preview015.jpeg?id=26865) !important;background-position: center !important;background-repeat: no-repeat !important;background-size: cover<\/p>\n","protected":false},"author":1,"featured_media":0,"parent":169229,"menu_order":0,"comment_status":"closed","ping_status":"closed","template":"","meta":{"_uf_show_specific_survey":0,"_uf_disable_surveys":false,"jetpack_post_was_ever_published":false,"footnotes":""},"class_list":["post-27387","page","type-page","status-publish","hentry"],"yoast_head":"<!-- This site is optimized with the Yoast SEO Premium plugin v27.3 (Yoast SEO v27.3) - https:\/\/yoast.com\/product\/yoast-seo-premium-wordpress\/ -->\n<title>Christian Riefenberg - Delayon Eyewear<\/title>\n<meta name=\"robots\" content=\"index, follow, max-snippet:-1, max-image-preview:large, max-video-preview:-1\" \/>\n<link rel=\"canonical\" href=\"https:\/\/delayon-eyewear.com\/en\/team\/christian-riefenberg\/\" \/>\n<meta property=\"og:locale\" content=\"en_US\" \/>\n<meta property=\"og:type\" content=\"article\" \/>\n<meta property=\"og:title\" content=\"Christian Riefenberg\" \/>\n<meta property=\"og:description\" content=\"[vc_section full_width=&#8221;stretch_row&#8221; full_height=&#8221;yes&#8221; content_placement=&#8221;middle&#8221; woodmart_bg_position=&#8221;center-center&#8221; woodmart_gradient_switch=&#8221;yes&#8221; css=&#8221;.vc_custom_1574190432792{margin-top: -40px !important;margin-bottom: 8vh !important;padding-bottom: 20vh !important;background-image: url(http:\/\/delayon-eyewear.com\/wp-content\/uploads\/2019\/11\/190124_vorderebrandjochspitze-preview015.jpeg?id=26865) !important;background-position: center !important;background-repeat: no-repeat !important;background-size: cover\" \/>\n<meta property=\"og:url\" content=\"https:\/\/delayon-eyewear.com\/en\/team\/christian-riefenberg\/\" \/>\n<meta property=\"og:site_name\" content=\"Delayon Eyewear\" \/>\n<meta property=\"article:publisher\" content=\"https:\/\/www.facebook.com\/delayon\" \/>\n<meta property=\"article:modified_time\" content=\"2019-11-24T20:25:56+00:00\" \/>\n<meta name=\"twitter:card\" content=\"summary_large_image\" \/>\n<meta name=\"twitter:label1\" content=\"Est. reading time\" \/>\n\t<meta name=\"twitter:data1\" content=\"3 minutes\" \/>\n<script type=\"application\/ld+json\" class=\"yoast-schema-graph\">{\"@context\":\"https:\\\/\\\/schema.org\",\"@graph\":[{\"@type\":\"WebPage\",\"@id\":\"https:\\\/\\\/delayon-eyewear.com\\\/en\\\/team\\\/christian-riefenberg\\\/\",\"url\":\"https:\\\/\\\/delayon-eyewear.com\\\/en\\\/team\\\/christian-riefenberg\\\/\",\"name\":\"Christian Riefenberg - Delayon Eyewear\",\"isPartOf\":{\"@id\":\"https:\\\/\\\/delayon-eyewear.com\\\/en\\\/#website\"},\"datePublished\":\"2019-11-19T18:52:28+00:00\",\"dateModified\":\"2019-11-24T20:25:56+00:00\",\"breadcrumb\":{\"@id\":\"https:\\\/\\\/delayon-eyewear.com\\\/en\\\/team\\\/christian-riefenberg\\\/#breadcrumb\"},\"inLanguage\":\"en-US\",\"potentialAction\":[{\"@type\":\"ReadAction\",\"target\":[\"https:\\\/\\\/delayon-eyewear.com\\\/en\\\/team\\\/christian-riefenberg\\\/\"]}]},{\"@type\":\"BreadcrumbList\",\"@id\":\"https:\\\/\\\/delayon-eyewear.com\\\/en\\\/team\\\/christian-riefenberg\\\/#breadcrumb\",\"itemListElement\":[{\"@type\":\"ListItem\",\"position\":1,\"name\":\"Home\",\"item\":\"https:\\\/\\\/delayon-eyewear.com\\\/en\\\/\"},{\"@type\":\"ListItem\",\"position\":2,\"name\":\"TEAM\",\"item\":\"https:\\\/\\\/delayon-eyewear.com\\\/en\\\/team\\\/\"},{\"@type\":\"ListItem\",\"position\":3,\"name\":\"Christian Riefenberg\"}]},{\"@type\":\"WebSite\",\"@id\":\"https:\\\/\\\/delayon-eyewear.com\\\/en\\\/#website\",\"url\":\"https:\\\/\\\/delayon-eyewear.com\\\/en\\\/\",\"name\":\"Delayon Eyewear\",\"description\":\"Kontrast verst\u00e4rkende Brille die deine Augen sch\u00fctzen und die Natur respektieren\",\"potentialAction\":[{\"@type\":\"SearchAction\",\"target\":{\"@type\":\"EntryPoint\",\"urlTemplate\":\"https:\\\/\\\/delayon-eyewear.com\\\/en\\\/?s={search_term_string}\"},\"query-input\":{\"@type\":\"PropertyValueSpecification\",\"valueRequired\":true,\"valueName\":\"search_term_string\"}}],\"inLanguage\":\"en-US\"}]}<\/script>\n<!-- \/ Yoast SEO Premium plugin. -->","yoast_head_json":{"title":"Christian Riefenberg - Delayon Eyewear","robots":{"index":"index","follow":"follow","max-snippet":"max-snippet:-1","max-image-preview":"max-image-preview:large","max-video-preview":"max-video-preview:-1"},"canonical":"https:\/\/delayon-eyewear.com\/en\/team\/christian-riefenberg\/","og_locale":"en_US","og_type":"article","og_title":"Christian Riefenberg","og_description":"[vc_section full_width=&#8221;stretch_row&#8221; full_height=&#8221;yes&#8221; content_placement=&#8221;middle&#8221; woodmart_bg_position=&#8221;center-center&#8221; woodmart_gradient_switch=&#8221;yes&#8221; css=&#8221;.vc_custom_1574190432792{margin-top: -40px !important;margin-bottom: 8vh !important;padding-bottom: 20vh !important;background-image: url(http:\/\/delayon-eyewear.com\/wp-content\/uploads\/2019\/11\/190124_vorderebrandjochspitze-preview015.jpeg?id=26865) !important;background-position: center !important;background-repeat: no-repeat !important;background-size: cover","og_url":"https:\/\/delayon-eyewear.com\/en\/team\/christian-riefenberg\/","og_site_name":"Delayon Eyewear","article_publisher":"https:\/\/www.facebook.com\/delayon","article_modified_time":"2019-11-24T20:25:56+00:00","twitter_card":"summary_large_image","twitter_misc":{"Est. reading time":"3 minutes"},"schema":{"@context":"https:\/\/schema.org","@graph":[{"@type":"WebPage","@id":"https:\/\/delayon-eyewear.com\/en\/team\/christian-riefenberg\/","url":"https:\/\/delayon-eyewear.com\/en\/team\/christian-riefenberg\/","name":"Christian Riefenberg - Delayon Eyewear","isPartOf":{"@id":"https:\/\/delayon-eyewear.com\/en\/#website"},"datePublished":"2019-11-19T18:52:28+00:00","dateModified":"2019-11-24T20:25:56+00:00","breadcrumb":{"@id":"https:\/\/delayon-eyewear.com\/en\/team\/christian-riefenberg\/#breadcrumb"},"inLanguage":"en-US","potentialAction":[{"@type":"ReadAction","target":["https:\/\/delayon-eyewear.com\/en\/team\/christian-riefenberg\/"]}]},{"@type":"BreadcrumbList","@id":"https:\/\/delayon-eyewear.com\/en\/team\/christian-riefenberg\/#breadcrumb","itemListElement":[{"@type":"ListItem","position":1,"name":"Home","item":"https:\/\/delayon-eyewear.com\/en\/"},{"@type":"ListItem","position":2,"name":"TEAM","item":"https:\/\/delayon-eyewear.com\/en\/team\/"},{"@type":"ListItem","position":3,"name":"Christian Riefenberg"}]},{"@type":"WebSite","@id":"https:\/\/delayon-eyewear.com\/en\/#website","url":"https:\/\/delayon-eyewear.com\/en\/","name":"Delayon Eyewear","description":"Kontrast verst\u00e4rkende Brille die deine Augen sch\u00fctzen und die Natur respektieren","potentialAction":[{"@type":"SearchAction","target":{"@type":"EntryPoint","urlTemplate":"https:\/\/delayon-eyewear.com\/en\/?s={search_term_string}"},"query-input":{"@type":"PropertyValueSpecification","valueRequired":true,"valueName":"search_term_string"}}],"inLanguage":"en-US"}]}},"jetpack_sharing_enabled":true,"jetpack_shortlink":"https:\/\/wp.me\/PaaUMj-77J","jetpack_likes_enabled":true,"_links":{"self":[{"href":"https:\/\/delayon-eyewear.com\/en\/wp-json\/wp\/v2\/pages\/27387","targetHints":{"allow":["GET"]}}],"collection":[{"href":"https:\/\/delayon-eyewear.com\/en\/wp-json\/wp\/v2\/pages"}],"about":[{"href":"https:\/\/delayon-eyewear.com\/en\/wp-json\/wp\/v2\/types\/page"}],"author":[{"embeddable":true,"href":"https:\/\/delayon-eyewear.com\/en\/wp-json\/wp\/v2\/users\/1"}],"replies":[{"embeddable":true,"href":"https:\/\/delayon-eyewear.com\/en\/wp-json\/wp\/v2\/comments?post=27387"}],"version-history":[{"count":1,"href":"https:\/\/delayon-eyewear.com\/en\/wp-json\/wp\/v2\/pages\/27387\/revisions"}],"predecessor-version":[{"id":27389,"href":"https:\/\/delayon-eyewear.com\/en\/wp-json\/wp\/v2\/pages\/27387\/revisions\/27389"}],"up":[{"embeddable":true,"href":"https:\/\/delayon-eyewear.com\/en\/wp-json\/wp\/v2\/pages\/169229"}],"wp:attachment":[{"href":"https:\/\/delayon-eyewear.com\/en\/wp-json\/wp\/v2\/media?parent=27387"}],"curies":[{"name":"wp","href":"https:\/\/api.w.org\/{rel}","templated":true}]}}