{"id":27399,"date":"2019-11-22T23:57:52","date_gmt":"2019-11-22T22:57:52","guid":{"rendered":"http:\/\/snurfer-boards.com\/team\/paul_gilmore\/"},"modified":"2019-11-24T21:26:18","modified_gmt":"2019-11-24T20:26:18","slug":"paul_gilmore","status":"publish","type":"page","link":"https:\/\/delayon-eyewear.com\/en\/team\/paul_gilmore\/","title":{"rendered":"Paul Gilmore"},"content":{"rendered":"<div class=\"wpb-content-wrapper\"><p>[vc_section full_width=&#8221;stretch_row&#8221; full_height=&#8221;yes&#8221; content_placement=&#8221;middle&#8221; woodmart_bg_position=&#8221;center-center&#8221; woodmart_gradient_switch=&#8221;yes&#8221; css=&#8221;.vc_custom_1574463820037{margin-top: -40px !important;margin-bottom: 8vh !important;padding-bottom: 20vh !important;background-image: url(http:\/\/delayon-eyewear.com\/wp-content\/uploads\/2019\/11\/delayon-DSC06742-Pano-2.jpg?id=26773) !important;background-position: center !important;background-repeat: no-repeat !important;background-size: cover !important;}&#8221; woodmart_color_gradient=&#8221;rgba(255, 255, 255, 0.901961)-0\/rgba(255, 255, 255, 0)-41\/|linear-gradient(top , rgba(255, 255, 255, 0.901961) , rgba(255, 255, 255, 0) 41%)|linear|top&#8221; mobile_bg_img_hidden=&#8221;no&#8221; tablet_bg_img_hidden=&#8221;no&#8221; woodmart_parallax=&#8221;0&#8243; woodmart_disable_overflow=&#8221;0&#8243;][vc_row css=&#8221;.vc_custom_1500277816326{margin-right: 15px !important;margin-left: 15px !important;}&#8221;][vc_column width=&#8221;1\/2&#8243; css=&#8221;.vc_custom_1574160973294{margin-top: 70px !important;padding-top: 40px !important;padding-right: 40px !important;padding-bottom: 10px !important;padding-left: 40px !important;background-color: #ffffff !important;}&#8221; mobile_bg_img_hidden=&#8221;no&#8221; tablet_bg_img_hidden=&#8221;no&#8221; woodmart_parallax=&#8221;0&#8243; woodmart_sticky_column=&#8221;false&#8221; parallax_scroll=&#8221;no&#8221; mobile_reset_margin=&#8221;no&#8221; tablet_reset_margin=&#8221;no&#8221;][vc_row_inner][vc_column_inner width=&#8221;1\/2&#8243;][vc_single_image image=&#8221;26973&#8243; img_size=&#8221;350&#215;350&#8243; parallax_scroll=&#8221;no&#8221;][\/vc_column_inner][vc_column_inner width=&#8221;1\/2&#8243;][vc_column_text text_larger=&#8221;no&#8221; css=&#8221;.vc_custom_1574464824071{margin-bottom: -5px !important;}&#8221;]<strong>Date of Birth<\/strong><br \/>\n28.02.1981<\/p>\n<p><strong>From<\/strong><br \/>\nThessaloniki, Greece<\/p>\n<p><strong>Home<\/strong><br \/>\nInnsbruck, Austria<\/p>\n<p><strong>Passions<\/strong><br \/>\nPhotography, Lofi Hip Hop, Running<\/p>\n<p><strong>Favorite Spot<\/strong><br \/>\nPosidi Cape, Greece[\/vc_column_text][\/vc_column_inner][\/vc_row_inner][\/vc_column][vc_column width=&#8221;1\/2&#8243; css=&#8221;.vc_custom_1500275538533{padding-top: 0px !important;}&#8221;][\/vc_column][\/vc_row][\/vc_section][vc_row css=&#8221;.vc_custom_1518130382560{margin-top: 30px !important;margin-bottom: 30px !important;}&#8221;][vc_column][vc_row_inner][vc_column_inner css=&#8221;.vc_custom_1500283497886{padding-top: 0px !important;}&#8221; offset=&#8221;vc_col-lg-6 vc_col-md-6&#8243;]\n\t\t<div id=\"wd-5dd86d3c039c8\" class=\"title-wrapper wd-wpb wd-set-mb reset-last-child  wd-rs-5dd86d3c039c8 wd-title-color-default wd-title-style-simple text-left  wd-underline-colored\">\n\t\t\t\n\t\t\t<div class=\"liner-continer\">\n\t\t\t\t<h4 class=\"woodmart-title-container title  wd-font-weight- wd-fontsize-xxl\" >About Paul<\/h4>\n\t\t\t\t\t\t\t<\/div>\n\t\t\t\n\t\t\t\n\t\t\t\n\t\t<\/div>\n\t\t\n\t\t[vc_column_text text_larger=&#8221;no&#8221;]<\/p>\n<blockquote><p>Paul ist einer der leidenschaftlichsten K\u00fcnstler der Stadt und es ist toll zu sehen, wie jemand wie er seinen Platz hier gefunden hat. F\u00fcr mich war klar: Wenn wir Innsbrookyln realisieren, frage ich Paul ob er dabei ist!<\/p><\/blockquote>\n<p style=\"text-align: right;\">Nico Metz, Gr\u00fcnder Delayon<\/p>\n<p>Paul ist ein absolutes Multi-Talent und lebt mindestens zwei, wenn nicht drei Leben. Bei Tag ist er hauptberuflicher UX-Designer und k\u00fcmmert sich unter anderem um das visuelle Auftreten von Firmen. Zu Nacht kommt seine k\u00fcnstlerische Seite hervor. Videos, Musik &amp; Photographie &#8211; you Name it: Der Paul macht alles und er macht alles extrem gut! Auch als frisch gebackener Papa versucht er hier so aktiv zu sein wie m\u00f6glich. Die Berge hat der Grieche schnell angefangen zu lieben &#8211; wie k\u00f6nnte man auch nicht, wenn man seit Jahren in Innsbrooklyn daheim ist und nicht vor hat, diesen wundersch\u00f6nen Ort zu verlassen. F\u00fcr den Start unserer Innsbrooklyn Serie haben wir mit Paul und seinen tollen Bildern zusammengearbeitet.<\/p>\n<p>\u00dcbrigens kleiner Fun Fact: Paul ist zwar immer viel in den Bergen unterwegs, anders aber als die meisten aber nicht mit Ski sondern mit dem Rodel. Wenn Griechenland also mal ein Sportler f\u00fcr Rodel-Team aller &#8220;Cool Runnings&#8221; aufstellt: Paul ist euer Mann![\/vc_column_text]<div id=\"wd-5dd86c059e372\" class=\" wd-rs-5dd86c059e372  wd-button-wrapper text-left\"><a href=\"https:\/\/paulgilmore.net\" title=\"PaulGilmore.net\" class=\"btn btn-style-link btn-shape-rectangle btn-size-default\">Website<\/a><\/div>[vc_empty_space height=&#8221;10&#8243; woodmart_hide_large=&#8221;0&#8243; woodmart_hide_medium=&#8221;0&#8243; woodmart_hide_small=&#8221;0&#8243; woodmart_hide_extra_small=&#8221;0&#8243;]<div id=\"wd-5dd86c22d6522\" class=\" wd-rs-5dd86c22d6522  wd-button-wrapper text-left\"><a href=\"https:\/\/unsplash.com\/@paulgilmore_\" title=\"Unsplash @PaulGilmore_\" target=\"_blank\" class=\"btn btn-style-link btn-shape-rectangle btn-size-default\">Unsplash<\/a><\/div>[vc_empty_space height=&#8221;10&#8243; woodmart_hide_large=&#8221;0&#8243; woodmart_hide_medium=&#8221;0&#8243; woodmart_hide_small=&#8221;0&#8243; woodmart_hide_extra_small=&#8221;0&#8243;]<div id=\"wd-5dd86c508ceb7\" class=\" wd-rs-5dd86c508ceb7  wd-button-wrapper text-left\"><a href=\"https:\/\/spoti.fi\/2NolyrP\" title=\"Spotify Paul Gilmore\" target=\"_blank\" class=\"btn btn-style-link btn-shape-rectangle btn-size-default\">Spotify<\/a><\/div>[\/vc_column_inner][vc_column_inner offset=&#8221;vc_col-lg-6 vc_col-md-6&#8243;][vc_gallery type=&#8221;flexslider_slide&#8221; interval=&#8221;3&#8243; images=&#8221;26786,26783,26780,26771,26768,26765,26762&#8243; img_size=&#8221;1000&#215;800&#8243;][\/vc_column_inner][\/vc_row_inner][\/vc_column][\/vc_row][vc_row][vc_column]\n\t\t<div id=\"wd-5dd86c75adfa2\" class=\"title-wrapper wd-wpb wd-set-mb reset-last-child  wd-rs-5dd86c75adfa2 wd-title-color-default wd-title-style-simple text-left  wd-underline-colored\">\n\t\t\t\t\t\t\t\n\t\t\t\t<div class=\"title-subtitle  subtitle-color-default font-default subtitle-style-background wd-font-weight- wd-fontsize-xs\">@Paul_Gilmore<\/div>\n\t\t\t\n\t\t\t<div class=\"liner-continer\">\n\t\t\t\t<h4 class=\"woodmart-title-container title  wd-font-weight- wd-fontsize-xxl\" >Instagram<\/h4>\n\t\t\t\t\t\t\t<\/div>\n\t\t\t\n\t\t\t\n\t\t\t\n\t\t<\/div>\n\t\t\n\t\t<div id=\"carousel-753\" data-atts=\"{&quot;carousel_id&quot;:&quot;5000&quot;,&quot;speed&quot;:&quot;5000&quot;,&quot;slides_per_view&quot;:&quot;3&quot;,&quot;slides_per_view_tablet&quot;:&quot;auto&quot;,&quot;slides_per_view_mobile&quot;:&quot;auto&quot;,&quot;wrap&quot;:&quot;&quot;,&quot;loop&quot;:false,&quot;autoplay&quot;:&quot;no&quot;,&quot;autoheight&quot;:&quot;no&quot;,&quot;hide_pagination_control&quot;:&quot;no&quot;,&quot;hide_pagination_control_tablet&quot;:&quot;yes&quot;,&quot;hide_pagination_control_mobile&quot;:&quot;yes&quot;,&quot;dynamic_pagination_control&quot;:&quot;no&quot;,&quot;hide_prev_next_buttons&quot;:&quot;no&quot;,&quot;hide_prev_next_buttons_tablet&quot;:&quot;&quot;,&quot;hide_prev_next_buttons_mobile&quot;:&quot;&quot;,&quot;carousel_arrows_position&quot;:&quot;&quot;,&quot;hide_scrollbar&quot;:&quot;yes&quot;,&quot;hide_scrollbar_tablet&quot;:&quot;yes&quot;,&quot;hide_scrollbar_mobile&quot;:&quot;yes&quot;,&quot;scroll_per_page&quot;:&quot;yes&quot;,&quot;dragEndSpeed&quot;:200,&quot;center_mode&quot;:&quot;no&quot;,&quot;custom_sizes&quot;:&quot;&quot;,&quot;sliding_speed&quot;:false,&quot;animation&quot;:false,&quot;content_animation&quot;:false,&quot;post_type&quot;:&quot;&quot;,&quot;slider&quot;:&quot;&quot;,&quot;library&quot;:&quot;&quot;,&quot;css&quot;:&quot;&quot;,&quot;effect&quot;:&quot;&quot;,&quot;spacing&quot;:&quot;1&quot;,&quot;spacing_tablet&quot;:&quot;&quot;,&quot;spacing_mobile&quot;:&quot;&quot;,&quot;carousel_sync&quot;:&quot;&quot;,&quot;sync_parent_id&quot;:&quot;&quot;,&quot;sync_child_id&quot;:&quot;&quot;,&quot;scroll_carousel_init&quot;:&quot;no&quot;,&quot;disable_overflow_carousel&quot;:&quot;no&quot;,&quot;title&quot;:&quot;&quot;,&quot;username&quot;:&quot;Paul_Gilmore&quot;,&quot;number&quot;:&quot;8&quot;,&quot;size&quot;:&quot;large&quot;,&quot;target&quot;:&quot;_blank&quot;,&quot;link&quot;:&quot;&quot;,&quot;design&quot;:&quot;slider&quot;,&quot;spacing_custom&quot;:6,&quot;spacing_custom_tablet&quot;:&quot;&quot;,&quot;spacing_custom_mobile&quot;:&quot;&quot;,&quot;rounded&quot;:&quot;0&quot;,&quot;per_row&quot;:&quot;4&quot;,&quot;per_row_tablet&quot;:&quot;auto&quot;,&quot;per_row_mobile&quot;:&quot;auto&quot;,&quot;hide_mask&quot;:&quot;0&quot;,&quot;meta_position&quot;:&quot;bottom&quot;,&quot;el_class&quot;:&quot;&quot;,&quot;el_id&quot;:&quot;&quot;,&quot;content&quot;:&quot;&quot;,&quot;data_source&quot;:&quot;images&quot;,&quot;woodmart_css_id&quot;:&quot;&quot;,&quot;content_color_scheme&quot;:&quot;&quot;,&quot;is_wpb&quot;:true,&quot;images&quot;:[],&quot;images_size&quot;:&quot;medium&quot;,&quot;images_link&quot;:&quot;&quot;,&quot;images_likes&quot;:&quot;1000-10000&quot;,&quot;images_comments&quot;:&quot;0-1000&quot;}\" data-username=\"Paul_Gilmore\" class=\"wd-insta  data-source-images wd-carousel-container wd-carousel-dis-mb wd-off-md wd-off-sm\"><div class=\"wd-notice wd-info\">You need to upload your images manually to the element if you want to load them from your website. Otherwise you will need to connect your real Instagram account via API.<\/div><\/div>[\/vc_column][\/vc_row]<\/p>\n<\/div>","protected":false},"excerpt":{"rendered":"<p>[vc_section full_width=&#8221;stretch_row&#8221; full_height=&#8221;yes&#8221; content_placement=&#8221;middle&#8221; woodmart_bg_position=&#8221;center-center&#8221; woodmart_gradient_switch=&#8221;yes&#8221; css=&#8221;.vc_custom_1574463820037{margin-top: -40px !important;margin-bottom: 8vh !important;padding-bottom: 20vh !important;background-image: url(http:\/\/delayon-eyewear.com\/wp-content\/uploads\/2019\/11\/delayon-DSC06742-Pano-2.jpg?id=26773) !important;background-position: center !important;background-repeat: no-repeat !important;background-size: cover<\/p>\n","protected":false},"author":1,"featured_media":0,"parent":169229,"menu_order":0,"comment_status":"closed","ping_status":"closed","template":"","meta":{"_uf_show_specific_survey":0,"_uf_disable_surveys":false,"jetpack_post_was_ever_published":false,"footnotes":""},"class_list":["post-27399","page","type-page","status-publish","hentry"],"yoast_head":"<!-- This site is optimized with the Yoast SEO Premium plugin v27.3 (Yoast SEO v27.3) - https:\/\/yoast.com\/product\/yoast-seo-premium-wordpress\/ -->\n<title>Paul Gilmore - Delayon Eyewear<\/title>\n<meta name=\"robots\" content=\"index, follow, max-snippet:-1, max-image-preview:large, max-video-preview:-1\" \/>\n<link rel=\"canonical\" href=\"https:\/\/delayon-eyewear.com\/en\/team\/paul_gilmore\/\" \/>\n<meta property=\"og:locale\" content=\"en_US\" \/>\n<meta property=\"og:type\" content=\"article\" \/>\n<meta property=\"og:title\" content=\"Paul Gilmore\" \/>\n<meta property=\"og:description\" content=\"[vc_section full_width=&#8221;stretch_row&#8221; full_height=&#8221;yes&#8221; content_placement=&#8221;middle&#8221; woodmart_bg_position=&#8221;center-center&#8221; woodmart_gradient_switch=&#8221;yes&#8221; css=&#8221;.vc_custom_1574463820037{margin-top: -40px !important;margin-bottom: 8vh !important;padding-bottom: 20vh !important;background-image: url(http:\/\/delayon-eyewear.com\/wp-content\/uploads\/2019\/11\/delayon-DSC06742-Pano-2.jpg?id=26773) !important;background-position: center !important;background-repeat: no-repeat !important;background-size: cover\" \/>\n<meta property=\"og:url\" content=\"https:\/\/delayon-eyewear.com\/en\/team\/paul_gilmore\/\" \/>\n<meta property=\"og:site_name\" content=\"Delayon Eyewear\" \/>\n<meta property=\"article:publisher\" content=\"https:\/\/www.facebook.com\/delayon\" \/>\n<meta property=\"article:modified_time\" content=\"2019-11-24T20:26:18+00:00\" \/>\n<meta name=\"twitter:card\" content=\"summary_large_image\" \/>\n<meta name=\"twitter:label1\" content=\"Est. reading time\" \/>\n\t<meta name=\"twitter:data1\" content=\"4 minutes\" \/>\n<script type=\"application\/ld+json\" class=\"yoast-schema-graph\">{\"@context\":\"https:\\\/\\\/schema.org\",\"@graph\":[{\"@type\":\"WebPage\",\"@id\":\"https:\\\/\\\/delayon-eyewear.com\\\/en\\\/team\\\/paul_gilmore\\\/\",\"url\":\"https:\\\/\\\/delayon-eyewear.com\\\/en\\\/team\\\/paul_gilmore\\\/\",\"name\":\"Paul Gilmore - Delayon Eyewear\",\"isPartOf\":{\"@id\":\"https:\\\/\\\/delayon-eyewear.com\\\/en\\\/#website\"},\"datePublished\":\"2019-11-22T22:57:52+00:00\",\"dateModified\":\"2019-11-24T20:26:18+00:00\",\"breadcrumb\":{\"@id\":\"https:\\\/\\\/delayon-eyewear.com\\\/en\\\/team\\\/paul_gilmore\\\/#breadcrumb\"},\"inLanguage\":\"en-US\",\"potentialAction\":[{\"@type\":\"ReadAction\",\"target\":[\"https:\\\/\\\/delayon-eyewear.com\\\/en\\\/team\\\/paul_gilmore\\\/\"]}]},{\"@type\":\"BreadcrumbList\",\"@id\":\"https:\\\/\\\/delayon-eyewear.com\\\/en\\\/team\\\/paul_gilmore\\\/#breadcrumb\",\"itemListElement\":[{\"@type\":\"ListItem\",\"position\":1,\"name\":\"Home\",\"item\":\"https:\\\/\\\/delayon-eyewear.com\\\/en\\\/\"},{\"@type\":\"ListItem\",\"position\":2,\"name\":\"TEAM\",\"item\":\"https:\\\/\\\/delayon-eyewear.com\\\/en\\\/team\\\/\"},{\"@type\":\"ListItem\",\"position\":3,\"name\":\"Paul Gilmore\"}]},{\"@type\":\"WebSite\",\"@id\":\"https:\\\/\\\/delayon-eyewear.com\\\/en\\\/#website\",\"url\":\"https:\\\/\\\/delayon-eyewear.com\\\/en\\\/\",\"name\":\"Delayon Eyewear\",\"description\":\"Kontrast verst\u00e4rkende Brille die deine Augen sch\u00fctzen und die Natur respektieren\",\"potentialAction\":[{\"@type\":\"SearchAction\",\"target\":{\"@type\":\"EntryPoint\",\"urlTemplate\":\"https:\\\/\\\/delayon-eyewear.com\\\/en\\\/?s={search_term_string}\"},\"query-input\":{\"@type\":\"PropertyValueSpecification\",\"valueRequired\":true,\"valueName\":\"search_term_string\"}}],\"inLanguage\":\"en-US\"}]}<\/script>\n<!-- \/ Yoast SEO Premium plugin. -->","yoast_head_json":{"title":"Paul Gilmore - Delayon Eyewear","robots":{"index":"index","follow":"follow","max-snippet":"max-snippet:-1","max-image-preview":"max-image-preview:large","max-video-preview":"max-video-preview:-1"},"canonical":"https:\/\/delayon-eyewear.com\/en\/team\/paul_gilmore\/","og_locale":"en_US","og_type":"article","og_title":"Paul Gilmore","og_description":"[vc_section full_width=&#8221;stretch_row&#8221; full_height=&#8221;yes&#8221; content_placement=&#8221;middle&#8221; woodmart_bg_position=&#8221;center-center&#8221; woodmart_gradient_switch=&#8221;yes&#8221; css=&#8221;.vc_custom_1574463820037{margin-top: -40px !important;margin-bottom: 8vh !important;padding-bottom: 20vh !important;background-image: url(http:\/\/delayon-eyewear.com\/wp-content\/uploads\/2019\/11\/delayon-DSC06742-Pano-2.jpg?id=26773) !important;background-position: center !important;background-repeat: no-repeat !important;background-size: cover","og_url":"https:\/\/delayon-eyewear.com\/en\/team\/paul_gilmore\/","og_site_name":"Delayon Eyewear","article_publisher":"https:\/\/www.facebook.com\/delayon","article_modified_time":"2019-11-24T20:26:18+00:00","twitter_card":"summary_large_image","twitter_misc":{"Est. reading time":"4 minutes"},"schema":{"@context":"https:\/\/schema.org","@graph":[{"@type":"WebPage","@id":"https:\/\/delayon-eyewear.com\/en\/team\/paul_gilmore\/","url":"https:\/\/delayon-eyewear.com\/en\/team\/paul_gilmore\/","name":"Paul Gilmore - Delayon Eyewear","isPartOf":{"@id":"https:\/\/delayon-eyewear.com\/en\/#website"},"datePublished":"2019-11-22T22:57:52+00:00","dateModified":"2019-11-24T20:26:18+00:00","breadcrumb":{"@id":"https:\/\/delayon-eyewear.com\/en\/team\/paul_gilmore\/#breadcrumb"},"inLanguage":"en-US","potentialAction":[{"@type":"ReadAction","target":["https:\/\/delayon-eyewear.com\/en\/team\/paul_gilmore\/"]}]},{"@type":"BreadcrumbList","@id":"https:\/\/delayon-eyewear.com\/en\/team\/paul_gilmore\/#breadcrumb","itemListElement":[{"@type":"ListItem","position":1,"name":"Home","item":"https:\/\/delayon-eyewear.com\/en\/"},{"@type":"ListItem","position":2,"name":"TEAM","item":"https:\/\/delayon-eyewear.com\/en\/team\/"},{"@type":"ListItem","position":3,"name":"Paul Gilmore"}]},{"@type":"WebSite","@id":"https:\/\/delayon-eyewear.com\/en\/#website","url":"https:\/\/delayon-eyewear.com\/en\/","name":"Delayon Eyewear","description":"Kontrast verst\u00e4rkende Brille die deine Augen sch\u00fctzen und die Natur respektieren","potentialAction":[{"@type":"SearchAction","target":{"@type":"EntryPoint","urlTemplate":"https:\/\/delayon-eyewear.com\/en\/?s={search_term_string}"},"query-input":{"@type":"PropertyValueSpecification","valueRequired":true,"valueName":"search_term_string"}}],"inLanguage":"en-US"}]}},"jetpack_sharing_enabled":true,"jetpack_shortlink":"https:\/\/wp.me\/PaaUMj-77V","jetpack_likes_enabled":true,"_links":{"self":[{"href":"https:\/\/delayon-eyewear.com\/en\/wp-json\/wp\/v2\/pages\/27399","targetHints":{"allow":["GET"]}}],"collection":[{"href":"https:\/\/delayon-eyewear.com\/en\/wp-json\/wp\/v2\/pages"}],"about":[{"href":"https:\/\/delayon-eyewear.com\/en\/wp-json\/wp\/v2\/types\/page"}],"author":[{"embeddable":true,"href":"https:\/\/delayon-eyewear.com\/en\/wp-json\/wp\/v2\/users\/1"}],"replies":[{"embeddable":true,"href":"https:\/\/delayon-eyewear.com\/en\/wp-json\/wp\/v2\/comments?post=27399"}],"version-history":[{"count":1,"href":"https:\/\/delayon-eyewear.com\/en\/wp-json\/wp\/v2\/pages\/27399\/revisions"}],"predecessor-version":[{"id":27401,"href":"https:\/\/delayon-eyewear.com\/en\/wp-json\/wp\/v2\/pages\/27399\/revisions\/27401"}],"up":[{"embeddable":true,"href":"https:\/\/delayon-eyewear.com\/en\/wp-json\/wp\/v2\/pages\/169229"}],"wp:attachment":[{"href":"https:\/\/delayon-eyewear.com\/en\/wp-json\/wp\/v2\/media?parent=27399"}],"curies":[{"name":"wp","href":"https:\/\/api.w.org\/{rel}","templated":true}]}}