{"id":27407,"date":"2019-11-23T01:19:12","date_gmt":"2019-11-23T00:19:12","guid":{"rendered":"http:\/\/snurfer-boards.com\/team\/timm_schroeder\/"},"modified":"2019-11-24T21:26:26","modified_gmt":"2019-11-24T20:26:26","slug":"timm_schroeder","status":"publish","type":"page","link":"https:\/\/delayon-eyewear.com\/en\/timm_schroeder\/","title":{"rendered":"Timm Schr\u00f6der"},"content":{"rendered":"<div class=\"wpb-content-wrapper\"><p>[vc_section full_width=&#8221;stretch_row&#8221; full_height=&#8221;yes&#8221; content_placement=&#8221;middle&#8221; woodmart_bg_position=&#8221;center-center&#8221; woodmart_gradient_switch=&#8221;yes&#8221; css=&#8221;.vc_custom_1574467732206{margin-top: -40px !important;margin-bottom: 8vh !important;padding-bottom: 20vh !important;background-image: url(http:\/\/delayon-eyewear.com\/wp-content\/uploads\/2019\/05\/AB_2019_CrystalAward-47.png?id=21652) !important;background-position: center !important;background-repeat: no-repeat !important;background-size: cover !important;}&#8221; woodmart_color_gradient=&#8221;rgba(255, 255, 255, 0.901961)-0\/rgba(255, 255, 255, 0)-41\/|linear-gradient(top , rgba(255, 255, 255, 0.901961) , rgba(255, 255, 255, 0) 41%)|linear|top&#8221; mobile_bg_img_hidden=&#8221;no&#8221; tablet_bg_img_hidden=&#8221;no&#8221; woodmart_parallax=&#8221;0&#8243; woodmart_disable_overflow=&#8221;0&#8243;][vc_row css=&#8221;.vc_custom_1500277816326{margin-right: 15px !important;margin-left: 15px !important;}&#8221;][vc_column width=&#8221;1\/2&#8243; css=&#8221;.vc_custom_1574160973294{margin-top: 70px !important;padding-top: 40px !important;padding-right: 40px !important;padding-bottom: 10px !important;padding-left: 40px !important;background-color: #ffffff !important;}&#8221; mobile_bg_img_hidden=&#8221;no&#8221; tablet_bg_img_hidden=&#8221;no&#8221; woodmart_parallax=&#8221;0&#8243; woodmart_sticky_column=&#8221;false&#8221; parallax_scroll=&#8221;no&#8221; mobile_reset_margin=&#8221;no&#8221; tablet_reset_margin=&#8221;no&#8221;][vc_row_inner][vc_column_inner width=&#8221;1\/2&#8243;][vc_single_image image=&#8221;26991&#8243; img_size=&#8221;350&#215;350&#8243; parallax_scroll=&#8221;no&#8221;][\/vc_column_inner][vc_column_inner width=&#8221;1\/2&#8243;][vc_column_text]<\/p>\n<p><strong>Date of Birth<\/strong><br \/>\n02.12.1994<\/p>\n<p><strong>Home<\/strong><br \/>\nDisentis, Schweiz<\/p>\n<p><strong>From<\/strong><br \/>\nSt. Gallen, Schweiz<\/p>\n<p><strong>Passions<\/strong><br \/>\nSki, Mountainbiken &amp; Reisen<\/p>\n<p><strong>Favorite Spot<\/strong><br \/>\nDisentis \/ Andermatt<\/p>\n<p>[\/vc_column_text][\/vc_column_inner][\/vc_row_inner][\/vc_column][vc_column width=&#8221;1\/2&#8243; css=&#8221;.vc_custom_1500275538533{padding-top: 0px !important;}&#8221;][\/vc_column][\/vc_row][\/vc_section][vc_row css=&#8221;.vc_custom_1518130382560{margin-top: 30px !important;margin-bottom: 30px !important;}&#8221;][vc_column][vc_row_inner][vc_column_inner css=&#8221;.vc_custom_1500283497886{padding-top: 0px !important;}&#8221; offset=&#8221;vc_col-lg-6 vc_col-md-6&#8243;]\n\t\t<div id=\"wd-5dd879c788401\" class=\"title-wrapper wd-wpb wd-set-mb reset-last-child  wd-rs-5dd879c788401 wd-title-color-default wd-title-style-simple text-left  wd-underline-colored\">\n\t\t\t\n\t\t\t<div class=\"liner-continer\">\n\t\t\t\t<h4 class=\"woodmart-title-container title  wd-font-weight- wd-fontsize-xxl\" >About Flurina<\/h4>\n\t\t\t\t\t\t\t<\/div>\n\t\t\t\n\t\t\t\n\t\t\t\n\t\t<\/div>\n\t\t\n\t\t[vc_column_text woodmart_color_scheme=&#8221;dark&#8221; text_larger=&#8221;no&#8221;]Wenn die Eltern einem schon mit zwei j\u00e4hren die Ski anschnallen und eine Ferienwohnung in den Bergen haben, steht eigentlich nichts mehr im Weg zu einer guten Skifahrerin. Ausser vielleicht das Studium \u2013 aber auch das hat Flurina bis jetzt gut unter ihren gro\u00dfen Hut bringen k\u00f6nnen und schliesst ihren Master in St.Gallen bald ab. Verh\u00e4ltnism\u00e4ssig sp\u00e4t kam Flurina zum Freeriden, denn erst mit 17 bekam sie die ersten gebrauchten fetten Ski geschenkt. Fr\u00fcher mehr hinter der Kamera, hat sich sich nun immer mehr ihren Platz vor der Kamera \u00a0erk\u00e4mpft. An Freeride World Qualifier Events kann sie internationale Erfolge aufweisen und schaffte es so 2018 ins Finale des Engadinsnow. Am spektakul\u00e4ren Corvatsch North Face durfte sich die junge Schweizerin beweisen und erreichte den 3. Platz. Neben Contests bleibt ihre Hauptleidenschaft jedoch das Filmen und Fotografieren. Zusammen mit Freunden produziert sie mehrere kleine Videos pro Saison und liebt es, am Berg zu shooten. Sie ist das Organisationsgenie der Truppe und bringt alle f\u00fcr das n\u00e4chste Abendteuer am Berg zusammen. In Zukunft will sie gr\u00f6\u00dfere Filmprojekte umsetzen, weiterhin beweisen dass Studium und Skifahren vereinbar sind und vor allem zeigen, was ihr Home-Spot Disentis alles so zu bieten hat.[\/vc_column_text][vc_column_text css=&#8221;.vc_custom_1557501450561{padding-left: 50px !important;}&#8221;]<\/p>\n<h3><strong>Highlights<\/strong><\/h3>\n<p><strong>2018\/2019<\/strong><\/p>\n<ul>\n<li><strong>1. Platz 1. Freeride Nights Innsbruck<\/strong><\/li>\n<li><strong>5. Platz Bruson Freeride 3* <\/strong><\/li>\n<li><strong>6. Platz Nendaz 2*<\/strong><\/li>\n<\/ul>\n<p><strong>2017\/2018<\/strong><\/p>\n<ul>\n<li><strong>3. Platz Engadinsnow FWQ 3*<\/strong><\/li>\n<li class=\"ydp7f3c33a3yahoo-style-wrap\"><strong>3. Platz Grossglockner FWQ 2*<\/strong><\/li>\n<li class=\"ydp7f3c33a3yahoo-style-wrap\"><strong>5. Platz Open Faces Silvretta Montafon 3*<\/strong><\/li>\n<li class=\"ydp7f3c33a3yahoo-style-wrap\"><strong>26. Platz Overall FWQ Ranking Europa\/Ozeanien<\/strong><\/li>\n<\/ul>\n<p><strong>2016\/2017<\/strong><\/p>\n<div class=\"ydp7f3c33a3yahoo-style-wrap\">\n<ul>\n<li class=\"ydp7f3c33a3yahoo-style-wrap\"><strong>Rider bei Core Shot Productions <\/strong><\/li>\n<li class=\"ydp7f3c33a3yahoo-style-wrap\"><strong>3. Platz Overall FWQ Ranking Schweiz<\/strong><\/li>\n<\/ul>\n<\/div>\n<p>[\/vc_column_text][\/vc_column_inner][vc_column_inner offset=&#8221;vc_col-lg-6 vc_col-md-6&#8243;][vc_gallery type=&#8221;flexslider_slide&#8221; interval=&#8221;3&#8243; images=&#8221;21659,19795&#8243; img_size=&#8221;1000&#215;800&#8243;][\/vc_column_inner][\/vc_row_inner][\/vc_column][\/vc_row][vc_row][vc_column]\n\t\t<div id=\"wd-5dd87ae1bd668\" class=\"title-wrapper wd-wpb wd-set-mb reset-last-child  wd-rs-5dd87ae1bd668 wd-title-color-default wd-title-style-simple text-left  wd-underline-colored\">\n\t\t\t\t\t\t\t\n\t\t\t\t<div class=\"title-subtitle  subtitle-color-default font-default subtitle-style-background wd-font-weight- wd-fontsize-xs\">@TimmySchroeder<\/div>\n\t\t\t\n\t\t\t<div class=\"liner-continer\">\n\t\t\t\t<h4 class=\"woodmart-title-container title  wd-font-weight- wd-fontsize-xxl\" >Instagram<\/h4>\n\t\t\t\t\t\t\t<\/div>\n\t\t\t\n\t\t\t\n\t\t\t\n\t\t<\/div>\n\t\t\n\t\t<div id=\"carousel-828\" data-atts=\"{&quot;carousel_id&quot;:&quot;5000&quot;,&quot;speed&quot;:&quot;5000&quot;,&quot;slides_per_view&quot;:&quot;3&quot;,&quot;slides_per_view_tablet&quot;:&quot;auto&quot;,&quot;slides_per_view_mobile&quot;:&quot;auto&quot;,&quot;wrap&quot;:&quot;&quot;,&quot;loop&quot;:false,&quot;autoplay&quot;:&quot;no&quot;,&quot;autoheight&quot;:&quot;no&quot;,&quot;hide_pagination_control&quot;:&quot;no&quot;,&quot;hide_pagination_control_tablet&quot;:&quot;yes&quot;,&quot;hide_pagination_control_mobile&quot;:&quot;yes&quot;,&quot;dynamic_pagination_control&quot;:&quot;no&quot;,&quot;hide_prev_next_buttons&quot;:&quot;no&quot;,&quot;hide_prev_next_buttons_tablet&quot;:&quot;&quot;,&quot;hide_prev_next_buttons_mobile&quot;:&quot;&quot;,&quot;carousel_arrows_position&quot;:&quot;&quot;,&quot;hide_scrollbar&quot;:&quot;yes&quot;,&quot;hide_scrollbar_tablet&quot;:&quot;yes&quot;,&quot;hide_scrollbar_mobile&quot;:&quot;yes&quot;,&quot;scroll_per_page&quot;:&quot;yes&quot;,&quot;dragEndSpeed&quot;:200,&quot;center_mode&quot;:&quot;no&quot;,&quot;custom_sizes&quot;:&quot;&quot;,&quot;sliding_speed&quot;:false,&quot;animation&quot;:false,&quot;content_animation&quot;:false,&quot;post_type&quot;:&quot;&quot;,&quot;slider&quot;:&quot;&quot;,&quot;library&quot;:&quot;&quot;,&quot;css&quot;:&quot;&quot;,&quot;effect&quot;:&quot;&quot;,&quot;spacing&quot;:&quot;1&quot;,&quot;spacing_tablet&quot;:&quot;&quot;,&quot;spacing_mobile&quot;:&quot;&quot;,&quot;carousel_sync&quot;:&quot;&quot;,&quot;sync_parent_id&quot;:&quot;&quot;,&quot;sync_child_id&quot;:&quot;&quot;,&quot;scroll_carousel_init&quot;:&quot;no&quot;,&quot;disable_overflow_carousel&quot;:&quot;no&quot;,&quot;title&quot;:&quot;&quot;,&quot;username&quot;:&quot;timmyschroeder&quot;,&quot;number&quot;:&quot;8&quot;,&quot;size&quot;:&quot;large&quot;,&quot;target&quot;:&quot;_blank&quot;,&quot;link&quot;:&quot;&quot;,&quot;design&quot;:&quot;slider&quot;,&quot;spacing_custom&quot;:6,&quot;spacing_custom_tablet&quot;:&quot;&quot;,&quot;spacing_custom_mobile&quot;:&quot;&quot;,&quot;rounded&quot;:&quot;0&quot;,&quot;per_row&quot;:&quot;4&quot;,&quot;per_row_tablet&quot;:&quot;auto&quot;,&quot;per_row_mobile&quot;:&quot;auto&quot;,&quot;hide_mask&quot;:&quot;0&quot;,&quot;meta_position&quot;:&quot;bottom&quot;,&quot;el_class&quot;:&quot;&quot;,&quot;el_id&quot;:&quot;&quot;,&quot;content&quot;:&quot;&quot;,&quot;data_source&quot;:&quot;images&quot;,&quot;woodmart_css_id&quot;:&quot;&quot;,&quot;content_color_scheme&quot;:&quot;&quot;,&quot;is_wpb&quot;:true,&quot;images&quot;:[],&quot;images_size&quot;:&quot;medium&quot;,&quot;images_link&quot;:&quot;&quot;,&quot;images_likes&quot;:&quot;1000-10000&quot;,&quot;images_comments&quot;:&quot;0-1000&quot;}\" data-username=\"timmyschroeder\" class=\"wd-insta  data-source-images wd-carousel-container wd-carousel-dis-mb wd-off-md wd-off-sm\"><div class=\"wd-notice wd-info\">You need to upload your images manually to the element if you want to load them from your website. Otherwise you will need to connect your real Instagram account via API.<\/div><\/div>[\/vc_column][\/vc_row]<\/p>\n<\/div>","protected":false},"excerpt":{"rendered":"<p>[vc_section full_width=&#8221;stretch_row&#8221; full_height=&#8221;yes&#8221; content_placement=&#8221;middle&#8221; woodmart_bg_position=&#8221;center-center&#8221; woodmart_gradient_switch=&#8221;yes&#8221; css=&#8221;.vc_custom_1574467732206{margin-top: -40px !important;margin-bottom: 8vh !important;padding-bottom: 20vh !important;background-image: url(http:\/\/delayon-eyewear.com\/wp-content\/uploads\/2019\/05\/AB_2019_CrystalAward-47.png?id=21652) !important;background-position: center !important;background-repeat: no-repeat !important;background-size: cover<\/p>\n","protected":false},"author":1,"featured_media":0,"parent":0,"menu_order":0,"comment_status":"closed","ping_status":"closed","template":"","meta":{"_uf_show_specific_survey":0,"_uf_disable_surveys":false,"jetpack_post_was_ever_published":false,"footnotes":""},"class_list":["post-27407","page","type-page","status-publish","hentry"],"yoast_head":"<!-- This site is optimized with the Yoast SEO Premium plugin v27.3 (Yoast SEO v27.3) - https:\/\/yoast.com\/product\/yoast-seo-premium-wordpress\/ -->\n<title>Timm Schr\u00f6der - Delayon Eyewear<\/title>\n<meta name=\"robots\" content=\"index, follow, max-snippet:-1, max-image-preview:large, max-video-preview:-1\" \/>\n<link rel=\"canonical\" href=\"https:\/\/delayon-eyewear.com\/en\/timm_schroeder\/\" \/>\n<meta property=\"og:locale\" content=\"en_US\" \/>\n<meta property=\"og:type\" content=\"article\" \/>\n<meta property=\"og:title\" content=\"Timm Schr\u00f6der\" \/>\n<meta property=\"og:description\" content=\"[vc_section full_width=&#8221;stretch_row&#8221; full_height=&#8221;yes&#8221; content_placement=&#8221;middle&#8221; woodmart_bg_position=&#8221;center-center&#8221; woodmart_gradient_switch=&#8221;yes&#8221; css=&#8221;.vc_custom_1574467732206{margin-top: -40px !important;margin-bottom: 8vh !important;padding-bottom: 20vh !important;background-image: url(http:\/\/delayon-eyewear.com\/wp-content\/uploads\/2019\/05\/AB_2019_CrystalAward-47.png?id=21652) !important;background-position: center !important;background-repeat: no-repeat !important;background-size: cover\" \/>\n<meta property=\"og:url\" content=\"https:\/\/delayon-eyewear.com\/en\/timm_schroeder\/\" \/>\n<meta property=\"og:site_name\" content=\"Delayon Eyewear\" \/>\n<meta property=\"article:publisher\" content=\"https:\/\/www.facebook.com\/delayon\" \/>\n<meta property=\"article:modified_time\" content=\"2019-11-24T20:26:26+00:00\" \/>\n<meta name=\"twitter:card\" content=\"summary_large_image\" \/>\n<meta name=\"twitter:label1\" content=\"Est. reading time\" \/>\n\t<meta name=\"twitter:data1\" content=\"3 minutes\" \/>\n<script type=\"application\/ld+json\" class=\"yoast-schema-graph\">{\"@context\":\"https:\\\/\\\/schema.org\",\"@graph\":[{\"@type\":\"WebPage\",\"@id\":\"https:\\\/\\\/delayon-eyewear.com\\\/en\\\/timm_schroeder\\\/\",\"url\":\"https:\\\/\\\/delayon-eyewear.com\\\/en\\\/timm_schroeder\\\/\",\"name\":\"Timm Schr\u00f6der - Delayon Eyewear\",\"isPartOf\":{\"@id\":\"https:\\\/\\\/delayon-eyewear.com\\\/en\\\/#website\"},\"datePublished\":\"2019-11-23T00:19:12+00:00\",\"dateModified\":\"2019-11-24T20:26:26+00:00\",\"breadcrumb\":{\"@id\":\"https:\\\/\\\/delayon-eyewear.com\\\/en\\\/timm_schroeder\\\/#breadcrumb\"},\"inLanguage\":\"en-US\",\"potentialAction\":[{\"@type\":\"ReadAction\",\"target\":[\"https:\\\/\\\/delayon-eyewear.com\\\/en\\\/timm_schroeder\\\/\"]}]},{\"@type\":\"BreadcrumbList\",\"@id\":\"https:\\\/\\\/delayon-eyewear.com\\\/en\\\/timm_schroeder\\\/#breadcrumb\",\"itemListElement\":[{\"@type\":\"ListItem\",\"position\":1,\"name\":\"Home\",\"item\":\"https:\\\/\\\/delayon-eyewear.com\\\/en\\\/\"},{\"@type\":\"ListItem\",\"position\":2,\"name\":\"Timm Schr\u00f6der\"}]},{\"@type\":\"WebSite\",\"@id\":\"https:\\\/\\\/delayon-eyewear.com\\\/en\\\/#website\",\"url\":\"https:\\\/\\\/delayon-eyewear.com\\\/en\\\/\",\"name\":\"Delayon Eyewear\",\"description\":\"Kontrast verst\u00e4rkende Brille die deine Augen sch\u00fctzen und die Natur respektieren\",\"potentialAction\":[{\"@type\":\"SearchAction\",\"target\":{\"@type\":\"EntryPoint\",\"urlTemplate\":\"https:\\\/\\\/delayon-eyewear.com\\\/en\\\/?s={search_term_string}\"},\"query-input\":{\"@type\":\"PropertyValueSpecification\",\"valueRequired\":true,\"valueName\":\"search_term_string\"}}],\"inLanguage\":\"en-US\"}]}<\/script>\n<!-- \/ Yoast SEO Premium plugin. -->","yoast_head_json":{"title":"Timm Schr\u00f6der - Delayon Eyewear","robots":{"index":"index","follow":"follow","max-snippet":"max-snippet:-1","max-image-preview":"max-image-preview:large","max-video-preview":"max-video-preview:-1"},"canonical":"https:\/\/delayon-eyewear.com\/en\/timm_schroeder\/","og_locale":"en_US","og_type":"article","og_title":"Timm Schr\u00f6der","og_description":"[vc_section full_width=&#8221;stretch_row&#8221; full_height=&#8221;yes&#8221; content_placement=&#8221;middle&#8221; woodmart_bg_position=&#8221;center-center&#8221; woodmart_gradient_switch=&#8221;yes&#8221; css=&#8221;.vc_custom_1574467732206{margin-top: -40px !important;margin-bottom: 8vh !important;padding-bottom: 20vh !important;background-image: url(http:\/\/delayon-eyewear.com\/wp-content\/uploads\/2019\/05\/AB_2019_CrystalAward-47.png?id=21652) !important;background-position: center !important;background-repeat: no-repeat !important;background-size: cover","og_url":"https:\/\/delayon-eyewear.com\/en\/timm_schroeder\/","og_site_name":"Delayon Eyewear","article_publisher":"https:\/\/www.facebook.com\/delayon","article_modified_time":"2019-11-24T20:26:26+00:00","twitter_card":"summary_large_image","twitter_misc":{"Est. reading time":"3 minutes"},"schema":{"@context":"https:\/\/schema.org","@graph":[{"@type":"WebPage","@id":"https:\/\/delayon-eyewear.com\/en\/timm_schroeder\/","url":"https:\/\/delayon-eyewear.com\/en\/timm_schroeder\/","name":"Timm Schr\u00f6der - Delayon Eyewear","isPartOf":{"@id":"https:\/\/delayon-eyewear.com\/en\/#website"},"datePublished":"2019-11-23T00:19:12+00:00","dateModified":"2019-11-24T20:26:26+00:00","breadcrumb":{"@id":"https:\/\/delayon-eyewear.com\/en\/timm_schroeder\/#breadcrumb"},"inLanguage":"en-US","potentialAction":[{"@type":"ReadAction","target":["https:\/\/delayon-eyewear.com\/en\/timm_schroeder\/"]}]},{"@type":"BreadcrumbList","@id":"https:\/\/delayon-eyewear.com\/en\/timm_schroeder\/#breadcrumb","itemListElement":[{"@type":"ListItem","position":1,"name":"Home","item":"https:\/\/delayon-eyewear.com\/en\/"},{"@type":"ListItem","position":2,"name":"Timm Schr\u00f6der"}]},{"@type":"WebSite","@id":"https:\/\/delayon-eyewear.com\/en\/#website","url":"https:\/\/delayon-eyewear.com\/en\/","name":"Delayon Eyewear","description":"Kontrast verst\u00e4rkende Brille die deine Augen sch\u00fctzen und die Natur respektieren","potentialAction":[{"@type":"SearchAction","target":{"@type":"EntryPoint","urlTemplate":"https:\/\/delayon-eyewear.com\/en\/?s={search_term_string}"},"query-input":{"@type":"PropertyValueSpecification","valueRequired":true,"valueName":"search_term_string"}}],"inLanguage":"en-US"}]}},"jetpack_sharing_enabled":true,"jetpack_shortlink":"https:\/\/wp.me\/PaaUMj-783","jetpack_likes_enabled":true,"_links":{"self":[{"href":"https:\/\/delayon-eyewear.com\/en\/wp-json\/wp\/v2\/pages\/27407","targetHints":{"allow":["GET"]}}],"collection":[{"href":"https:\/\/delayon-eyewear.com\/en\/wp-json\/wp\/v2\/pages"}],"about":[{"href":"https:\/\/delayon-eyewear.com\/en\/wp-json\/wp\/v2\/types\/page"}],"author":[{"embeddable":true,"href":"https:\/\/delayon-eyewear.com\/en\/wp-json\/wp\/v2\/users\/1"}],"replies":[{"embeddable":true,"href":"https:\/\/delayon-eyewear.com\/en\/wp-json\/wp\/v2\/comments?post=27407"}],"version-history":[{"count":1,"href":"https:\/\/delayon-eyewear.com\/en\/wp-json\/wp\/v2\/pages\/27407\/revisions"}],"predecessor-version":[{"id":27409,"href":"https:\/\/delayon-eyewear.com\/en\/wp-json\/wp\/v2\/pages\/27407\/revisions\/27409"}],"wp:attachment":[{"href":"https:\/\/delayon-eyewear.com\/en\/wp-json\/wp\/v2\/media?parent=27407"}],"curies":[{"name":"wp","href":"https:\/\/api.w.org\/{rel}","templated":true}]}}