{"id":27529,"date":"2019-11-25T17:33:11","date_gmt":"2019-11-25T16:33:11","guid":{"rendered":"http:\/\/snurfer-boards.com\/team\/quirin_mueller\/"},"modified":"2019-11-25T20:25:11","modified_gmt":"2019-11-25T19:25:11","slug":"quirin_mueller","status":"publish","type":"page","link":"https:\/\/delayon-eyewear.com\/en\/team\/quirin_mueller\/","title":{"rendered":"Quirin M\u00fcller"},"content":{"rendered":"<div class=\"wpb-content-wrapper\"><p>[vc_section full_width=&#8221;stretch_row&#8221; full_height=&#8221;yes&#8221; content_placement=&#8221;middle&#8221; woodmart_bg_position=&#8221;center-center&#8221; woodmart_gradient_switch=&#8221;yes&#8221; css=&#8221;.vc_custom_1574700388506{margin-top: -40px !important;margin-bottom: 8vh !important;padding-bottom: 20vh !important;background-image: url(http:\/\/delayon-eyewear.com\/wp-content\/uploads\/2019\/11\/Quirin_Pitztal.jpeg?id=27525) !important;background-position: center !important;background-repeat: no-repeat !important;background-size: cover !important;}&#8221; woodmart_color_gradient=&#8221;rgba(255, 255, 255, 0.901961)-0\/rgba(255, 255, 255, 0)-41\/|linear-gradient(top , rgba(255, 255, 255, 0.901961) , rgba(255, 255, 255, 0) 41%)|linear|top&#8221; mobile_bg_img_hidden=&#8221;no&#8221; tablet_bg_img_hidden=&#8221;no&#8221; woodmart_parallax=&#8221;0&#8243; woodmart_disable_overflow=&#8221;0&#8243;][vc_row css=&#8221;.vc_custom_1500277816326{margin-right: 15px !important;margin-left: 15px !important;}&#8221;][vc_column width=&#8221;1\/2&#8243; css=&#8221;.vc_custom_1574160973294{margin-top: 70px !important;padding-top: 40px !important;padding-right: 40px !important;padding-bottom: 10px !important;padding-left: 40px !important;background-color: #ffffff !important;}&#8221; mobile_bg_img_hidden=&#8221;no&#8221; tablet_bg_img_hidden=&#8221;no&#8221; woodmart_parallax=&#8221;0&#8243; woodmart_sticky_column=&#8221;false&#8221; parallax_scroll=&#8221;no&#8221; mobile_reset_margin=&#8221;no&#8221; tablet_reset_margin=&#8221;no&#8221;][vc_row_inner][vc_column_inner width=&#8221;1\/2&#8243;][vc_single_image image=&#8221;26832&#8243; img_size=&#8221;350&#215;350&#8243; parallax_scroll=&#8221;no&#8221;][\/vc_column_inner][vc_column_inner width=&#8221;1\/2&#8243;][vc_column_text text_larger=&#8221;no&#8221; css=&#8221;.vc_custom_1574699874837{margin-bottom: -5px !important;}&#8221;]<strong>Date of Birth<\/strong><br \/>\n17.01.1989<\/p>\n<p><strong>From<\/strong><br \/>\nOberstdorf, Germany<\/p>\n<p><strong>Home<\/strong><br \/>\nInnsbruck, Austria<\/p>\n<p><strong>Passions<\/strong><br \/>\nMusik, Art, Snowboarden<\/p>\n<p><strong>Favorite Spot<\/strong><br \/>\nFellhorn, Oberstdorf[\/vc_column_text][\/vc_column_inner][\/vc_row_inner][\/vc_column][vc_column width=&#8221;1\/2&#8243; css=&#8221;.vc_custom_1500275538533{padding-top: 0px !important;}&#8221;][\/vc_column][\/vc_row][\/vc_section][vc_row css=&#8221;.vc_custom_1518130382560{margin-top: 30px !important;margin-bottom: 30px !important;}&#8221;][vc_column][vc_row_inner][vc_column_inner css=&#8221;.vc_custom_1500283497886{padding-top: 0px !important;}&#8221; offset=&#8221;vc_col-lg-6 vc_col-md-6&#8243;]\n\t\t<div id=\"wd-5ddc059238998\" class=\"title-wrapper wd-wpb wd-set-mb reset-last-child  wd-rs-5ddc059238998 wd-title-color-default wd-title-style-simple text-left  wd-underline-colored\">\n\t\t\t\n\t\t\t<div class=\"liner-continer\">\n\t\t\t\t<h4 class=\"woodmart-title-container title  wd-font-weight- wd-fontsize-xxl\" >About Quirin<\/h4>\n\t\t\t\t\t\t\t<\/div>\n\t\t\t\n\t\t\t\n\t\t\t\n\t\t<\/div>\n\t\t\n\t\t[vc_column_text text_larger=&#8221;no&#8221;]<\/p>\n<p class=\"Text\">Quirin war und ist schon immer in den Bergen zuhause. Zuerst im Rennanzug im Stangenwald und dann sp\u00e4ter auf den Freeride Ski im richtigen Wald &#8211; Das Fellhorn war sein Kindergarten.<\/p>\n<p class=\"Text\">Schon w\u00e4hrend seiner aktiven Zeit als Freerider zog es Ihn \u00f6fter von vor der Kamera hinter die selbige. Schon bald war die erste Kamera gekauft und die ersten Ver\u00f6ffentlichungen in verschiedenen Magazinen gedruckt.<\/p>\n<p class=\"Text\">Die ersten Design Erfahrungen folgten als ein Freund die M\u00f6glichkeit bekam, bei seinem damaligen Snowboard Sponsor ein eigenes \u201ePro Modell\u201c zu designen: Nachdem er die ersten, in Microsoft Paint gezeichneten, Entw\u00fcrfe des Freundes gesehen hatte, wurde ein Stifttablett angeschafft und Photoshop \u201egecracked\u201c &#8211; 2009 kam dann die erste von Quirin designte Snowboard Kollektion auf den Markt und er bekam die Chance die Bretter bei der \u201eArt on Snow\u201c im Kleinwalsertal auszustellen.<\/p>\n<blockquote>\n<p class=\"Text\"><i>\u201eIch habe recht bald nach dem ich angefangen habe zu Malen und zu Zeichnen auf digitales Arbeiten gewechselt, da ich einfach so unglaublich viele \u201eFehler\u201c und \u00c4nderungen an meinen Bildern und Designs machte, dass die Kosten f\u00fcr Papier und Farbe schnell ins unermessliche stiegen\u2026&#8221;<\/i><\/p>\n<\/blockquote>\n<p class=\"Text\">Mittlerweile ist er 30, statt den Ski auf dem Snowboard unterwegs, und widmet sich mehr und mehr der Musik. Doch f\u00fcr das Inns\u2019Brooklyn-Projekt setzte er sich vergangenes Jahr wieder mit uns an das digitale Zeichenbrett.<\/p>\n<blockquote>\n<p class=\"Text\"><i>Als ich gefragt wurde ob ich lust h\u00e4tte, die k\u00fcnstlerische Seite dieses Projektes zu \u00fcbernehmen, habe ich nicht wirklich viel dr\u00fcber nachgedacht und sofort \u201eJa\u201c gesagt. \u201eInns\u2019Brooklyn\u201c verk\u00f6rpert f\u00fcr mich genau die Essenz der Wahlheimat die ich so sehr Liebe &#8211; Das urbane Lebensgef\u00fchl einer (Gro\u00df)-Stadt mitten in den sch\u00f6nsten Bergen der Welt. Ich habe versucht diese \u201eUrbanit\u00e4t\u201c in meinen Designs in den Vordergrund zu stellen, denn die Hochglanz Werbefotos von den sch\u00f6nsten Gipfeln der Umgebung kennt ja so wie so schon jeder. Die Bilder von Paul waren zu 100% perfekt f\u00fcr meine Idee. Die wahrscheinlich \u00a0coolste Collaboration die ich je gemacht habe! Ich hoffe die Brille gef\u00e4llt den anderen Innsbruckern genau so wie mir, und: Stay Tuned for more, das ist erst der Anfang.<\/i><\/p>\n<\/blockquote>\n<p>[\/vc_column_text][\/vc_column_inner][vc_column_inner offset=&#8221;vc_col-lg-6 vc_col-md-6&#8243;][vc_gallery type=&#8221;flexslider_slide&#8221; interval=&#8221;3&#8243; images=&#8221;27511,27514,27517,27520,27523&#8243; img_size=&#8221;1000&#215;800&#8243;][\/vc_column_inner][\/vc_row_inner][\/vc_column][\/vc_row][vc_row][vc_column]\n\t\t<div id=\"wd-5ddc066a22ed8\" class=\"title-wrapper wd-wpb wd-set-mb reset-last-child  wd-rs-5ddc066a22ed8 wd-title-color-default wd-title-style-simple text-left  wd-underline-colored\">\n\t\t\t\t\t\t\t\n\t\t\t\t<div class=\"title-subtitle  subtitle-color-default font-default subtitle-style-background wd-font-weight- wd-fontsize-xs\">@ProminentSuspect<\/div>\n\t\t\t\n\t\t\t<div class=\"liner-continer\">\n\t\t\t\t<h4 class=\"woodmart-title-container title  wd-font-weight- wd-fontsize-xxl\" >Instagram<\/h4>\n\t\t\t\t\t\t\t<\/div>\n\t\t\t\n\t\t\t\n\t\t\t\n\t\t<\/div>\n\t\t\n\t\t<div id=\"carousel-383\" data-atts=\"{&quot;carousel_id&quot;:&quot;5000&quot;,&quot;speed&quot;:&quot;5000&quot;,&quot;slides_per_view&quot;:&quot;3&quot;,&quot;slides_per_view_tablet&quot;:&quot;auto&quot;,&quot;slides_per_view_mobile&quot;:&quot;auto&quot;,&quot;wrap&quot;:&quot;&quot;,&quot;loop&quot;:false,&quot;autoplay&quot;:&quot;no&quot;,&quot;autoheight&quot;:&quot;no&quot;,&quot;hide_pagination_control&quot;:&quot;no&quot;,&quot;hide_pagination_control_tablet&quot;:&quot;yes&quot;,&quot;hide_pagination_control_mobile&quot;:&quot;yes&quot;,&quot;dynamic_pagination_control&quot;:&quot;no&quot;,&quot;hide_prev_next_buttons&quot;:&quot;no&quot;,&quot;hide_prev_next_buttons_tablet&quot;:&quot;&quot;,&quot;hide_prev_next_buttons_mobile&quot;:&quot;&quot;,&quot;carousel_arrows_position&quot;:&quot;&quot;,&quot;hide_scrollbar&quot;:&quot;yes&quot;,&quot;hide_scrollbar_tablet&quot;:&quot;yes&quot;,&quot;hide_scrollbar_mobile&quot;:&quot;yes&quot;,&quot;scroll_per_page&quot;:&quot;yes&quot;,&quot;dragEndSpeed&quot;:200,&quot;center_mode&quot;:&quot;no&quot;,&quot;custom_sizes&quot;:&quot;&quot;,&quot;sliding_speed&quot;:false,&quot;animation&quot;:false,&quot;content_animation&quot;:false,&quot;post_type&quot;:&quot;&quot;,&quot;slider&quot;:&quot;&quot;,&quot;library&quot;:&quot;&quot;,&quot;css&quot;:&quot;&quot;,&quot;effect&quot;:&quot;&quot;,&quot;spacing&quot;:&quot;1&quot;,&quot;spacing_tablet&quot;:&quot;&quot;,&quot;spacing_mobile&quot;:&quot;&quot;,&quot;carousel_sync&quot;:&quot;&quot;,&quot;sync_parent_id&quot;:&quot;&quot;,&quot;sync_child_id&quot;:&quot;&quot;,&quot;scroll_carousel_init&quot;:&quot;no&quot;,&quot;disable_overflow_carousel&quot;:&quot;no&quot;,&quot;title&quot;:&quot;&quot;,&quot;username&quot;:&quot;prominentsuspect&quot;,&quot;number&quot;:&quot;8&quot;,&quot;size&quot;:&quot;large&quot;,&quot;target&quot;:&quot;_blank&quot;,&quot;link&quot;:&quot;&quot;,&quot;design&quot;:&quot;slider&quot;,&quot;spacing_custom&quot;:6,&quot;spacing_custom_tablet&quot;:&quot;&quot;,&quot;spacing_custom_mobile&quot;:&quot;&quot;,&quot;rounded&quot;:&quot;0&quot;,&quot;per_row&quot;:&quot;4&quot;,&quot;per_row_tablet&quot;:&quot;auto&quot;,&quot;per_row_mobile&quot;:&quot;auto&quot;,&quot;hide_mask&quot;:&quot;0&quot;,&quot;meta_position&quot;:&quot;bottom&quot;,&quot;el_class&quot;:&quot;&quot;,&quot;el_id&quot;:&quot;&quot;,&quot;content&quot;:&quot;&quot;,&quot;data_source&quot;:&quot;images&quot;,&quot;woodmart_css_id&quot;:&quot;&quot;,&quot;content_color_scheme&quot;:&quot;&quot;,&quot;is_wpb&quot;:true,&quot;images&quot;:[],&quot;images_size&quot;:&quot;medium&quot;,&quot;images_link&quot;:&quot;&quot;,&quot;images_likes&quot;:&quot;1000-10000&quot;,&quot;images_comments&quot;:&quot;0-1000&quot;}\" data-username=\"prominentsuspect\" class=\"wd-insta  data-source-images wd-carousel-container wd-carousel-dis-mb wd-off-md wd-off-sm\"><div class=\"wd-notice wd-info\">You need to upload your images manually to the element if you want to load them from your website. Otherwise you will need to connect your real Instagram account via API.<\/div><\/div>[\/vc_column][\/vc_row]<\/p>\n<\/div>","protected":false},"excerpt":{"rendered":"<p>[vc_section full_width=&#8221;stretch_row&#8221; full_height=&#8221;yes&#8221; content_placement=&#8221;middle&#8221; woodmart_bg_position=&#8221;center-center&#8221; woodmart_gradient_switch=&#8221;yes&#8221; css=&#8221;.vc_custom_1574700388506{margin-top: -40px !important;margin-bottom: 8vh !important;padding-bottom: 20vh !important;background-image: url(http:\/\/delayon-eyewear.com\/wp-content\/uploads\/2019\/11\/Quirin_Pitztal.jpeg?id=27525) !important;background-position: center !important;background-repeat: no-repeat !important;background-size: cover<\/p>\n","protected":false},"author":1,"featured_media":0,"parent":169229,"menu_order":0,"comment_status":"closed","ping_status":"closed","template":"","meta":{"_uf_show_specific_survey":0,"_uf_disable_surveys":false,"jetpack_post_was_ever_published":false,"footnotes":""},"class_list":["post-27529","page","type-page","status-publish","hentry"],"yoast_head":"<!-- This site is optimized with the Yoast SEO Premium plugin v27.3 (Yoast SEO v27.3) - https:\/\/yoast.com\/product\/yoast-seo-premium-wordpress\/ -->\n<title>Quirin M\u00fcller - Delayon Eyewear<\/title>\n<meta name=\"robots\" content=\"index, follow, max-snippet:-1, max-image-preview:large, max-video-preview:-1\" \/>\n<link rel=\"canonical\" href=\"https:\/\/delayon-eyewear.com\/en\/team\/quirin_mueller\/\" \/>\n<meta property=\"og:locale\" content=\"en_US\" \/>\n<meta property=\"og:type\" content=\"article\" \/>\n<meta property=\"og:title\" content=\"Quirin M\u00fcller\" \/>\n<meta property=\"og:description\" content=\"[vc_section full_width=&#8221;stretch_row&#8221; full_height=&#8221;yes&#8221; content_placement=&#8221;middle&#8221; woodmart_bg_position=&#8221;center-center&#8221; woodmart_gradient_switch=&#8221;yes&#8221; css=&#8221;.vc_custom_1574700388506{margin-top: -40px !important;margin-bottom: 8vh !important;padding-bottom: 20vh !important;background-image: url(http:\/\/delayon-eyewear.com\/wp-content\/uploads\/2019\/11\/Quirin_Pitztal.jpeg?id=27525) !important;background-position: center !important;background-repeat: no-repeat !important;background-size: cover\" \/>\n<meta property=\"og:url\" content=\"https:\/\/delayon-eyewear.com\/en\/team\/quirin_mueller\/\" \/>\n<meta property=\"og:site_name\" content=\"Delayon Eyewear\" \/>\n<meta property=\"article:publisher\" content=\"https:\/\/www.facebook.com\/delayon\" \/>\n<meta property=\"article:modified_time\" content=\"2019-11-25T19:25:11+00:00\" \/>\n<meta name=\"twitter:card\" content=\"summary_large_image\" \/>\n<meta name=\"twitter:label1\" content=\"Est. reading time\" \/>\n\t<meta name=\"twitter:data1\" content=\"4 minutes\" \/>\n<script type=\"application\/ld+json\" class=\"yoast-schema-graph\">{\"@context\":\"https:\\\/\\\/schema.org\",\"@graph\":[{\"@type\":\"WebPage\",\"@id\":\"https:\\\/\\\/delayon-eyewear.com\\\/en\\\/team\\\/quirin_mueller\\\/\",\"url\":\"https:\\\/\\\/delayon-eyewear.com\\\/en\\\/team\\\/quirin_mueller\\\/\",\"name\":\"Quirin M\u00fcller - Delayon Eyewear\",\"isPartOf\":{\"@id\":\"https:\\\/\\\/delayon-eyewear.com\\\/en\\\/#website\"},\"datePublished\":\"2019-11-25T16:33:11+00:00\",\"dateModified\":\"2019-11-25T19:25:11+00:00\",\"breadcrumb\":{\"@id\":\"https:\\\/\\\/delayon-eyewear.com\\\/en\\\/team\\\/quirin_mueller\\\/#breadcrumb\"},\"inLanguage\":\"en-US\",\"potentialAction\":[{\"@type\":\"ReadAction\",\"target\":[\"https:\\\/\\\/delayon-eyewear.com\\\/en\\\/team\\\/quirin_mueller\\\/\"]}]},{\"@type\":\"BreadcrumbList\",\"@id\":\"https:\\\/\\\/delayon-eyewear.com\\\/en\\\/team\\\/quirin_mueller\\\/#breadcrumb\",\"itemListElement\":[{\"@type\":\"ListItem\",\"position\":1,\"name\":\"Home\",\"item\":\"https:\\\/\\\/delayon-eyewear.com\\\/en\\\/\"},{\"@type\":\"ListItem\",\"position\":2,\"name\":\"TEAM\",\"item\":\"https:\\\/\\\/delayon-eyewear.com\\\/en\\\/team\\\/\"},{\"@type\":\"ListItem\",\"position\":3,\"name\":\"Quirin M\u00fcller\"}]},{\"@type\":\"WebSite\",\"@id\":\"https:\\\/\\\/delayon-eyewear.com\\\/en\\\/#website\",\"url\":\"https:\\\/\\\/delayon-eyewear.com\\\/en\\\/\",\"name\":\"Delayon Eyewear\",\"description\":\"Kontrast verst\u00e4rkende Brille die deine Augen sch\u00fctzen und die Natur respektieren\",\"potentialAction\":[{\"@type\":\"SearchAction\",\"target\":{\"@type\":\"EntryPoint\",\"urlTemplate\":\"https:\\\/\\\/delayon-eyewear.com\\\/en\\\/?s={search_term_string}\"},\"query-input\":{\"@type\":\"PropertyValueSpecification\",\"valueRequired\":true,\"valueName\":\"search_term_string\"}}],\"inLanguage\":\"en-US\"}]}<\/script>\n<!-- \/ Yoast SEO Premium plugin. -->","yoast_head_json":{"title":"Quirin M\u00fcller - Delayon Eyewear","robots":{"index":"index","follow":"follow","max-snippet":"max-snippet:-1","max-image-preview":"max-image-preview:large","max-video-preview":"max-video-preview:-1"},"canonical":"https:\/\/delayon-eyewear.com\/en\/team\/quirin_mueller\/","og_locale":"en_US","og_type":"article","og_title":"Quirin M\u00fcller","og_description":"[vc_section full_width=&#8221;stretch_row&#8221; full_height=&#8221;yes&#8221; content_placement=&#8221;middle&#8221; woodmart_bg_position=&#8221;center-center&#8221; woodmart_gradient_switch=&#8221;yes&#8221; css=&#8221;.vc_custom_1574700388506{margin-top: -40px !important;margin-bottom: 8vh !important;padding-bottom: 20vh !important;background-image: url(http:\/\/delayon-eyewear.com\/wp-content\/uploads\/2019\/11\/Quirin_Pitztal.jpeg?id=27525) !important;background-position: center !important;background-repeat: no-repeat !important;background-size: cover","og_url":"https:\/\/delayon-eyewear.com\/en\/team\/quirin_mueller\/","og_site_name":"Delayon Eyewear","article_publisher":"https:\/\/www.facebook.com\/delayon","article_modified_time":"2019-11-25T19:25:11+00:00","twitter_card":"summary_large_image","twitter_misc":{"Est. reading time":"4 minutes"},"schema":{"@context":"https:\/\/schema.org","@graph":[{"@type":"WebPage","@id":"https:\/\/delayon-eyewear.com\/en\/team\/quirin_mueller\/","url":"https:\/\/delayon-eyewear.com\/en\/team\/quirin_mueller\/","name":"Quirin M\u00fcller - Delayon Eyewear","isPartOf":{"@id":"https:\/\/delayon-eyewear.com\/en\/#website"},"datePublished":"2019-11-25T16:33:11+00:00","dateModified":"2019-11-25T19:25:11+00:00","breadcrumb":{"@id":"https:\/\/delayon-eyewear.com\/en\/team\/quirin_mueller\/#breadcrumb"},"inLanguage":"en-US","potentialAction":[{"@type":"ReadAction","target":["https:\/\/delayon-eyewear.com\/en\/team\/quirin_mueller\/"]}]},{"@type":"BreadcrumbList","@id":"https:\/\/delayon-eyewear.com\/en\/team\/quirin_mueller\/#breadcrumb","itemListElement":[{"@type":"ListItem","position":1,"name":"Home","item":"https:\/\/delayon-eyewear.com\/en\/"},{"@type":"ListItem","position":2,"name":"TEAM","item":"https:\/\/delayon-eyewear.com\/en\/team\/"},{"@type":"ListItem","position":3,"name":"Quirin M\u00fcller"}]},{"@type":"WebSite","@id":"https:\/\/delayon-eyewear.com\/en\/#website","url":"https:\/\/delayon-eyewear.com\/en\/","name":"Delayon Eyewear","description":"Kontrast verst\u00e4rkende Brille die deine Augen sch\u00fctzen und die Natur respektieren","potentialAction":[{"@type":"SearchAction","target":{"@type":"EntryPoint","urlTemplate":"https:\/\/delayon-eyewear.com\/en\/?s={search_term_string}"},"query-input":{"@type":"PropertyValueSpecification","valueRequired":true,"valueName":"search_term_string"}}],"inLanguage":"en-US"}]}},"jetpack_sharing_enabled":true,"jetpack_shortlink":"https:\/\/wp.me\/PaaUMj-7a1","jetpack_likes_enabled":true,"_links":{"self":[{"href":"https:\/\/delayon-eyewear.com\/en\/wp-json\/wp\/v2\/pages\/27529","targetHints":{"allow":["GET"]}}],"collection":[{"href":"https:\/\/delayon-eyewear.com\/en\/wp-json\/wp\/v2\/pages"}],"about":[{"href":"https:\/\/delayon-eyewear.com\/en\/wp-json\/wp\/v2\/types\/page"}],"author":[{"embeddable":true,"href":"https:\/\/delayon-eyewear.com\/en\/wp-json\/wp\/v2\/users\/1"}],"replies":[{"embeddable":true,"href":"https:\/\/delayon-eyewear.com\/en\/wp-json\/wp\/v2\/comments?post=27529"}],"version-history":[{"count":3,"href":"https:\/\/delayon-eyewear.com\/en\/wp-json\/wp\/v2\/pages\/27529\/revisions"}],"predecessor-version":[{"id":27569,"href":"https:\/\/delayon-eyewear.com\/en\/wp-json\/wp\/v2\/pages\/27529\/revisions\/27569"}],"up":[{"embeddable":true,"href":"https:\/\/delayon-eyewear.com\/en\/wp-json\/wp\/v2\/pages\/169229"}],"wp:attachment":[{"href":"https:\/\/delayon-eyewear.com\/en\/wp-json\/wp\/v2\/media?parent=27529"}],"curies":[{"name":"wp","href":"https:\/\/api.w.org\/{rel}","templated":true}]}}