{"id":3118,"date":"2017-10-21T11:21:47","date_gmt":"2017-10-21T09:21:47","guid":{"rendered":"http:\/\/delayon-eyewear.de\/cooperation\/sponsoring\/"},"modified":"2025-10-05T11:56:21","modified_gmt":"2025-10-05T09:56:21","slug":"sponsoring","status":"publish","type":"page","link":"https:\/\/delayon-eyewear.com\/en\/sponsoring\/","title":{"rendered":"Cooperation"},"content":{"rendered":"<div class=\"wpb-content-wrapper\"><p>[vc_row full_width=&#8221;stretch_row&#8221; css=&#8221;.vc_custom_1574266705848{margin-top: 0px !important;margin-bottom: 30px !important;}&#8221; mobile_bg_img_hidden=&#8221;no&#8221; tablet_bg_img_hidden=&#8221;no&#8221; woodmart_parallax=&#8221;0&#8243; woodmart_gradient_switch=&#8221;no&#8221; row_reverse_mobile=&#8221;0&#8243; row_reverse_tablet=&#8221;0&#8243; woodmart_disable_overflow=&#8221;0&#8243;][vc_column css=&#8221;.vc_custom_1434813322976{padding-right: 50px !important;}&#8221;]\n\t\t<div id=\"wd-68e23e57e2deb\" class=\"title-wrapper wd-wpb wd-set-mb reset-last-child  wd-rs-68e23e57e2deb wd-title-color-primary wd-title-style-simple text-left  wd-underline-colored\">\n\t\t\t\t\t\t\t\n\t\t\t\t<div class=\"title-subtitle  subtitle-color-primary font-default subtitle-style-background wd-font-weight- wd-fontsize-xs\">Partnerships<\/div>\n\t\t\t\n\t\t\t<div class=\"liner-continer\">\n\t\t\t\t<h4 class=\"woodmart-title-container title  wd-font-weight- wd-fontsize-l\" >CHOOSE YOUR CATEGORY<\/h4>\n\t\t\t\t\t\t\t<\/div>\n\t\t\t\n\t\t\t\t\t\t\t<div class=\"title-after_title reset-last-child  wd-fontsize-xs\">Choose the category that fits best \u2013 the tabs below will take you there directly.<\/div>\n\t\t\t\n\t\t\t\n\t\t<\/div>\n\t\t\n\t\t[vc_empty_space height=&#8221;20&#8243; woodmart_hide_large=&#8221;0&#8243; woodmart_hide_medium=&#8221;0&#8243; woodmart_hide_small=&#8221;0&#8243;][vc_tta_tabs][vc_tta_section title=&#8221;CORPORATE BENEFITS&#8221; tab_id=&#8221;1759657450253-2c902de8-cfb1&#8243;][vc_column_text css=&#8221;&#8221; woodmart_inline=&#8221;no&#8221; text_larger=&#8221;no&#8221;]<\/p>\n<p>CORPORATE BENEFITS<\/p>\n<p>Companies with at least 100 employees \u2013 regardless of industry or location \u2013 qualify for our corporate discount program.<\/p>\n<p>How it works:<\/p>\n<p>The company submits the form with contact person &amp; employee number<br \/>\nAfter a short verification, we provide a unique discount code<br \/>\nThis code can be used individually by all employees in our webshop (company email required)<br \/>\nOptional: Co-branding &amp; product customization available (e.g. cases \/ packaging).<\/p>\n<p>[\/vc_column_text][\/vc_tta_section][vc_tta_section title=&#8221;PRO PROGRAM&#8221; tab_id=&#8221;1759657450267-869fe86e-4492&#8243;][vc_column_text css=&#8221;&#8221; woodmart_inline=&#8221;no&#8221; text_larger=&#8221;no&#8221;]<\/p>\n<p>PRO PROGRAM \u2014 Industry Professionals<\/p>\n<p>Our Pro Program is designed for professionals in the snow &amp; outdoor industry who act in an official capacity and influence consumers or guests.<\/p>\n<p>Eligible roles include:<\/p>\n<p>Mountain &amp; Ski Guides (IFMGA, IVBV etc.)<br \/>\nAvalanche Commission &amp; Safety Services<br \/>\nSki Patrol \/ Resort Staff<br \/>\nSki &amp; Snowboard Instructors (DSV, DSLV, OeSV, CGSA, Level 2+)<br \/>\nMountain Rescue<br \/>\nOutdoor Industry Professionals (e.g. instructors)<\/p>\n<p>To apply, please provide:<\/p>\n<p>Personal Information (Name, Date of Birth, Phone)<br \/>\nProfessional Role (Position, Company, Location)<br \/>\nIf applicable: Proof of qualification (e.g. instructor license)<\/p>\n<p>GUIDELINES: Products purchased through the Pro Program are strictly for personal use and may not be resold or shared with third parties. Violation may lead to exclusion from the program.<\/p>\n<p>[\/vc_column_text][\/vc_tta_section][vc_tta_section title=&#8221;INFLUENCER COLLABORATIONS&#8221; tab_id=&#8221;1759657465042-d903d7cb-b406&#8243;][vc_column_text woodmart_inline=&#8221;no&#8221; text_larger=&#8221;no&#8221;]<\/p>\n<p>INFLUENCER \/ CONTENT CREATOR<\/p>\n<p>You create outdoor or adventure content and appear in front of the camera yourself? Then we want to hear from you!<\/p>\n<p>What we\u2019re looking for:<\/p>\n<p>Creators who actively showcase our products on camera<br \/>\nAuthentic style &amp; strong visual identity<br \/>\nEngaged community (follower count is secondary \u2013 quality matters)<\/p>\n<p>To apply:<\/p>\n<p>Links to your channels<br \/>\nShort intro about you &amp; your audience<br \/>\nOptional: Examples of past collaborations<\/p>\n<p>[\/vc_column_text][\/vc_tta_section][vc_tta_section title=&#8221;ATHLETES&#8221; tab_id=&#8221;1759657466694-5bf55c51-f227&#8243;][vc_column_text css=&#8221;&#8221; woodmart_inline=&#8221;no&#8221; text_larger=&#8221;no&#8221;]<\/p>\n<p>SPONSORSHIP \u2014 Athletes &amp; Riders<\/p>\n<p>We partner with athletes who authentically represent our brand through performance, personality or visibility. It&#8217;s not just about podiums or follower counts \u2013 it\u2019s about fit.<\/p>\n<p>Please send us:<\/p>\n<p>Short profile (Name, Date of Birth, Contact)<br \/>\nYour athletic background (competitions, projects, film appearances etc.)<br \/>\nLinks to social media or media features<br \/>\nIn short: How do you want to represent Delayon?<\/p>\n<p>Note: If full sponsorship isn\u2019t the right fit yet, we\u2019re happy to explore collaboration via our Influencer Program. Many athletes start there and grow into long-term partnerships.<\/p>\n<p>[\/vc_column_text][\/vc_tta_section][\/vc_tta_tabs][\/vc_column][\/vc_row][vc_row][vc_column][vc_column_text]<\/p>\n<p>Contact us!<\/p>\n<p>Please choose the appropriate category in the form (Pro Deals \/ Athlete Sponsorship \/ Influencer \/ Corporate Benefits) and attach relevant info or documents.<br \/>\n[\/vc_column_text]<div class=\"wpforms-container wpforms-container-full\" id=\"wpforms-56991\"><form id=\"wpforms-form-56991\" class=\"wpforms-validate wpforms-form\" data-formid=\"56991\" method=\"post\" enctype=\"multipart\/form-data\" action=\"\/en\/wp-json\/wp\/v2\/pages\/3118\" data-token=\"7367cd769895dc3664492632d3cacb2c\" data-token-time=\"1775270385\"><noscript class=\"wpforms-error-noscript\">Please enable JavaScript in your browser to complete this form.<\/noscript><div class=\"wpforms-field-container\"><div id=\"wpforms-56991-field_1-container\" class=\"wpforms-field wpforms-field-text\" data-field-id=\"1\"><label class=\"wpforms-field-label\" for=\"wpforms-56991-field_1\">Name <span class=\"wpforms-required-label\">*<\/span><\/label><input type=\"text\" id=\"wpforms-56991-field_1\" class=\"wpforms-field-medium wpforms-field-required\" name=\"wpforms[fields][1]\" required><\/div><div id=\"wpforms-56991-field_2-container\" class=\"wpforms-field wpforms-field-email\" data-field-id=\"2\"><label class=\"wpforms-field-label\" for=\"wpforms-56991-field_2\">Email <span class=\"wpforms-required-label\">*<\/span><\/label><input type=\"email\" id=\"wpforms-56991-field_2\" class=\"wpforms-field-medium wpforms-field-required\" name=\"wpforms[fields][2]\" spellcheck=\"false\" required><\/div><div id=\"wpforms-56991-field_3-container\" class=\"wpforms-field wpforms-field-checkbox\" data-field-id=\"3\"><label class=\"wpforms-field-label\">Kategorie <span class=\"wpforms-required-label\">*<\/span><\/label><ul id=\"wpforms-56991-field_3\" class=\"wpforms-field-required\"><li class=\"choice-0 depth-1\"><input type=\"checkbox\" id=\"wpforms-56991-field_3_0\" name=\"wpforms[fields][3][]\" value=\"Skilehrer \/ Proform Program\" required ><label class=\"wpforms-field-label-inline\" for=\"wpforms-56991-field_3_0\">Skilehrer \/ Proform Program<\/label><\/li><li class=\"choice-1 depth-1\"><input type=\"checkbox\" id=\"wpforms-56991-field_3_1\" name=\"wpforms[fields][3][]\" value=\"Athlet \/ Bergf\u00fchrer\" required ><label class=\"wpforms-field-label-inline\" for=\"wpforms-56991-field_3_1\">Athlet \/ Bergf\u00fchrer<\/label><\/li><li class=\"choice-2 depth-1\"><input type=\"checkbox\" id=\"wpforms-56991-field_3_2\" name=\"wpforms[fields][3][]\" value=\"Influencer\/ Blogger \/ Fotograf\" required ><label class=\"wpforms-field-label-inline\" for=\"wpforms-56991-field_3_2\">Influencer\/ Blogger \/ Fotograf<\/label><\/li><\/ul><\/div><div id=\"wpforms-56991-field_4-container\" class=\"wpforms-field wpforms-field-text\" data-field-id=\"4\"><label class=\"wpforms-field-label\" for=\"wpforms-56991-field_4\">Betreff<\/label><input type=\"text\" id=\"wpforms-56991-field_4\" class=\"wpforms-field-medium\" name=\"wpforms[fields][4]\" ><\/div><div id=\"wpforms-56991-field_5-container\" class=\"wpforms-field wpforms-field-textarea\" data-field-id=\"5\"><label class=\"wpforms-field-label\" for=\"wpforms-56991-field_5\">Nachricht <span class=\"wpforms-required-label\">*<\/span><\/label><textarea id=\"wpforms-56991-field_5\" class=\"wpforms-field-medium wpforms-field-required\" name=\"wpforms[fields][5]\" required><\/textarea><div class=\"wpforms-field-description\">Bitte beachte: Wir erhalten t\u00e4glich sehr viele Sponsoring anfragen und k\u00f6nnen nicht alle beantworten. Anfrage sollten daher von einer aussagekr\u00e4ftigen Bewerbung bzw. Angebot unterst\u00fctzt sein.<\/div><\/div><div id=\"wpforms-56991-field_7-container\" class=\"wpforms-field wpforms-field-gdpr-checkbox\" data-field-id=\"7\"><label class=\"wpforms-field-label\">Datenschutz <span class=\"wpforms-required-label\">*<\/span><\/label><ul id=\"wpforms-56991-field_7\" class=\"wpforms-field-required\"><li class=\"choice-1\"><input type=\"checkbox\" id=\"wpforms-56991-field_7_1\" name=\"wpforms[fields][7][]\" value=\"Ich habe die &lt;a href=&quot;https:\/\/delayon-eyewear.com\/datenschutz\/&quot;&gt;Datenschutzbestimmung&lt;\/a&gt; zur Kenntnis genommen und bin mit der Speicherung der von mir angegebenen Daten einverstanden.\" required ><label class=\"wpforms-field-label-inline\" for=\"wpforms-56991-field_7_1\">Ich habe die <a href=\"https:\/\/delayon-eyewear.com\/datenschutz\/\">Datenschutzbestimmung<\/a> zur Kenntnis genommen und bin mit der Speicherung der von mir angegebenen Daten einverstanden.<\/label><\/li><\/ul><\/div><\/div><!-- .wpforms-field-container --><div class=\"wpforms-submit-container\" ><input type=\"hidden\" name=\"wpforms[id]\" value=\"56991\"><input type=\"hidden\" name=\"page_title\" value=\"\"><input type=\"hidden\" name=\"page_url\" value=\"https:\/\/delayon-eyewear.com\/en\/wp-json\/wp\/v2\/pages\/3118\"><input type=\"hidden\" name=\"url_referer\" value=\"\"><button type=\"submit\" name=\"wpforms[submit]\" id=\"wpforms-submit-56991\" class=\"wpforms-submit\" data-alt-text=\"Sending\" data-submit-text=\"Senden\" aria-live=\"assertive\" value=\"wpforms-submit\">Senden<\/button><\/div><\/form><\/div>  <!-- .wpforms-container -->[\/vc_column][\/vc_row]<\/p>\n<\/div>","protected":false},"excerpt":{"rendered":"<p>[vc_row full_width=&#8221;stretch_row&#8221; css=&#8221;.vc_custom_1574266705848{margin-top: 0px !important;margin-bottom: 30px !important;}&#8221; mobile_bg_img_hidden=&#8221;no&#8221; tablet_bg_img_hidden=&#8221;no&#8221; woodmart_parallax=&#8221;0&#8243; woodmart_gradient_switch=&#8221;no&#8221; row_reverse_mobile=&#8221;0&#8243; row_reverse_tablet=&#8221;0&#8243; woodmart_disable_overflow=&#8221;0&#8243;][vc_column css=&#8221;.vc_custom_1434813322976{padding-right: 50px !important;}&#8221;][vc_empty_space height=&#8221;20&#8243; woodmart_hide_large=&#8221;0&#8243; woodmart_hide_medium=&#8221;0&#8243;<\/p>\n","protected":false},"author":1,"featured_media":0,"parent":0,"menu_order":0,"comment_status":"closed","ping_status":"closed","template":"","meta":{"_uf_show_specific_survey":0,"_uf_disable_surveys":false,"jetpack_post_was_ever_published":false,"footnotes":""},"class_list":["post-3118","page","type-page","status-publish","hentry"],"yoast_head":"<!-- This site is optimized with the Yoast SEO Premium plugin v27.2 (Yoast SEO v27.2) - https:\/\/yoast.com\/product\/yoast-seo-premium-wordpress\/ -->\n<title>Sponsoring | Delayon Eyewear \u2122<\/title>\n<meta name=\"description\" content=\"Delayon Eyewear \u2122 sponsors amazing athletes. Check out and apply here to become our next rider\" \/>\n<meta name=\"robots\" content=\"index, follow, max-snippet:-1, max-image-preview:large, max-video-preview:-1\" \/>\n<link rel=\"canonical\" href=\"https:\/\/delayon-eyewear.com\/en\/sponsoring\/\" \/>\n<meta property=\"og:locale\" content=\"en_US\" \/>\n<meta property=\"og:type\" content=\"article\" \/>\n<meta property=\"og:title\" content=\"Cooperation\" \/>\n<meta property=\"og:description\" content=\"Delayon Eyewear \u2122 sponsors amazing athletes. Check out and apply here to become our next rider\" \/>\n<meta property=\"og:url\" content=\"https:\/\/delayon-eyewear.com\/en\/sponsoring\/\" \/>\n<meta property=\"og:site_name\" content=\"Delayon Eyewear\" \/>\n<meta property=\"article:publisher\" content=\"https:\/\/www.facebook.com\/delayon\" \/>\n<meta property=\"article:modified_time\" content=\"2025-10-05T09:56:21+00:00\" \/>\n<meta name=\"twitter:card\" content=\"summary_large_image\" \/>\n<meta name=\"twitter:label1\" content=\"Est. reading time\" \/>\n\t<meta name=\"twitter:data1\" content=\"3 minutes\" \/>\n<script type=\"application\/ld+json\" class=\"yoast-schema-graph\">{\"@context\":\"https:\/\/schema.org\",\"@graph\":[{\"@type\":\"WebPage\",\"@id\":\"https:\/\/delayon-eyewear.com\/en\/sponsoring\/\",\"url\":\"https:\/\/delayon-eyewear.com\/en\/sponsoring\/\",\"name\":\"Sponsoring | Delayon Eyewear \u2122\",\"isPartOf\":{\"@id\":\"https:\/\/delayon-eyewear.com\/en\/#website\"},\"datePublished\":\"2017-10-21T09:21:47+00:00\",\"dateModified\":\"2025-10-05T09:56:21+00:00\",\"description\":\"Delayon Eyewear \u2122 sponsors amazing athletes. Check out and apply here to become our next rider\",\"breadcrumb\":{\"@id\":\"https:\/\/delayon-eyewear.com\/en\/sponsoring\/#breadcrumb\"},\"inLanguage\":\"en-US\",\"potentialAction\":[{\"@type\":\"ReadAction\",\"target\":[\"https:\/\/delayon-eyewear.com\/en\/sponsoring\/\"]}]},{\"@type\":\"BreadcrumbList\",\"@id\":\"https:\/\/delayon-eyewear.com\/en\/sponsoring\/#breadcrumb\",\"itemListElement\":[{\"@type\":\"ListItem\",\"position\":1,\"name\":\"Home\",\"item\":\"https:\/\/delayon-eyewear.com\/en\/\"},{\"@type\":\"ListItem\",\"position\":2,\"name\":\"Cooperation\"}]},{\"@type\":\"WebSite\",\"@id\":\"https:\/\/delayon-eyewear.com\/en\/#website\",\"url\":\"https:\/\/delayon-eyewear.com\/en\/\",\"name\":\"Delayon Eyewear\",\"description\":\"Kontrast verst\u00e4rkende Brille die deine Augen sch\u00fctzen und die Natur respektieren\",\"potentialAction\":[{\"@type\":\"SearchAction\",\"target\":{\"@type\":\"EntryPoint\",\"urlTemplate\":\"https:\/\/delayon-eyewear.com\/en\/?s={search_term_string}\"},\"query-input\":{\"@type\":\"PropertyValueSpecification\",\"valueRequired\":true,\"valueName\":\"search_term_string\"}}],\"inLanguage\":\"en-US\"}]}<\/script>\n<!-- \/ Yoast SEO Premium plugin. -->","yoast_head_json":{"title":"Sponsoring | Delayon Eyewear \u2122","description":"Delayon Eyewear \u2122 sponsors amazing athletes. Check out and apply here to become our next rider","robots":{"index":"index","follow":"follow","max-snippet":"max-snippet:-1","max-image-preview":"max-image-preview:large","max-video-preview":"max-video-preview:-1"},"canonical":"https:\/\/delayon-eyewear.com\/en\/sponsoring\/","og_locale":"en_US","og_type":"article","og_title":"Cooperation","og_description":"Delayon Eyewear \u2122 sponsors amazing athletes. Check out and apply here to become our next rider","og_url":"https:\/\/delayon-eyewear.com\/en\/sponsoring\/","og_site_name":"Delayon Eyewear","article_publisher":"https:\/\/www.facebook.com\/delayon","article_modified_time":"2025-10-05T09:56:21+00:00","twitter_card":"summary_large_image","twitter_misc":{"Est. reading time":"3 minutes"},"schema":{"@context":"https:\/\/schema.org","@graph":[{"@type":"WebPage","@id":"https:\/\/delayon-eyewear.com\/en\/sponsoring\/","url":"https:\/\/delayon-eyewear.com\/en\/sponsoring\/","name":"Sponsoring | Delayon Eyewear \u2122","isPartOf":{"@id":"https:\/\/delayon-eyewear.com\/en\/#website"},"datePublished":"2017-10-21T09:21:47+00:00","dateModified":"2025-10-05T09:56:21+00:00","description":"Delayon Eyewear \u2122 sponsors amazing athletes. Check out and apply here to become our next rider","breadcrumb":{"@id":"https:\/\/delayon-eyewear.com\/en\/sponsoring\/#breadcrumb"},"inLanguage":"en-US","potentialAction":[{"@type":"ReadAction","target":["https:\/\/delayon-eyewear.com\/en\/sponsoring\/"]}]},{"@type":"BreadcrumbList","@id":"https:\/\/delayon-eyewear.com\/en\/sponsoring\/#breadcrumb","itemListElement":[{"@type":"ListItem","position":1,"name":"Home","item":"https:\/\/delayon-eyewear.com\/en\/"},{"@type":"ListItem","position":2,"name":"Cooperation"}]},{"@type":"WebSite","@id":"https:\/\/delayon-eyewear.com\/en\/#website","url":"https:\/\/delayon-eyewear.com\/en\/","name":"Delayon Eyewear","description":"Kontrast verst\u00e4rkende Brille die deine Augen sch\u00fctzen und die Natur respektieren","potentialAction":[{"@type":"SearchAction","target":{"@type":"EntryPoint","urlTemplate":"https:\/\/delayon-eyewear.com\/en\/?s={search_term_string}"},"query-input":{"@type":"PropertyValueSpecification","valueRequired":true,"valueName":"search_term_string"}}],"inLanguage":"en-US"}]}},"jetpack_sharing_enabled":true,"jetpack_shortlink":"https:\/\/wp.me\/PaaUMj-Oi","jetpack_likes_enabled":true,"_links":{"self":[{"href":"https:\/\/delayon-eyewear.com\/en\/wp-json\/wp\/v2\/pages\/3118","targetHints":{"allow":["GET"]}}],"collection":[{"href":"https:\/\/delayon-eyewear.com\/en\/wp-json\/wp\/v2\/pages"}],"about":[{"href":"https:\/\/delayon-eyewear.com\/en\/wp-json\/wp\/v2\/types\/page"}],"author":[{"embeddable":true,"href":"https:\/\/delayon-eyewear.com\/en\/wp-json\/wp\/v2\/users\/1"}],"replies":[{"embeddable":true,"href":"https:\/\/delayon-eyewear.com\/en\/wp-json\/wp\/v2\/comments?post=3118"}],"version-history":[{"count":3,"href":"https:\/\/delayon-eyewear.com\/en\/wp-json\/wp\/v2\/pages\/3118\/revisions"}],"predecessor-version":[{"id":399553,"href":"https:\/\/delayon-eyewear.com\/en\/wp-json\/wp\/v2\/pages\/3118\/revisions\/399553"}],"wp:attachment":[{"href":"https:\/\/delayon-eyewear.com\/en\/wp-json\/wp\/v2\/media?parent=3118"}],"curies":[{"name":"wp","href":"https:\/\/api.w.org\/{rel}","templated":true}]}}